{"id":73475,"date":"2018-09-11T12:29:26","date_gmt":"2018-09-11T15:29:26","guid":{"rendered":"http:\/\/martinginer.com.ar\/wordpress\/?page_id=73475"},"modified":"2018-09-11T12:42:40","modified_gmt":"2018-09-11T15:42:40","slug":"obras-1","status":"publish","type":"page","link":"https:\/\/martinginer.com.ar\/en\/obras-1\/","title":{"rendered":"Obras 1"},"content":{"rendered":"<div data-parent=\"true\" class=\"vc_row row-container\"><div class=\"row limit-width row-parent\"><div class=\"row-inner\"><div class=\"pos-top pos-center align_left column_parent col-lg-12 single-internal-gutter\"><div class=\"uncol style-dark\"  ><div class=\"uncoltable\"><div class=\"uncell no-block-padding\"><div class=\"uncont\"><div class=\"heading-text el-text\" ><h1 class=\"h1\" ><span><\/p><\/span><span><h1 style=\"text-align: center;\"><span class=\"font-175345\">Obras &#8211; 1<\/span><\/h1><\/span><span><p><\/span><\/h1><\/div><div class=\"clear\"><\/div><\/div><\/div><\/div><\/div><\/div><script id=\"script-549721\" data-row=\"script-549721\" type=\"text\/javascript\">if ( typeof UNCODE !== \"undefined\" ) UNCODE.initRow(document.getElementById(\"script-549721\"));<\/script><\/div><\/div><\/div><div data-parent=\"true\" class=\"vc_row row-container\"><div class=\"row limit-width row-parent\"><div class=\"row-inner\"><div class=\"pos-top pos-center align_left column_parent col-lg-12 single-internal-gutter\"><div class=\"uncol style-dark\"  ><div class=\"uncoltable\"><div class=\"uncell no-block-padding\"><div class=\"uncont\"><div class=\"uncode-accordion\" data-collapsible=\"no\" data-active-tab=\"1\"><div class=\"panel-group\" id=\"accordion_586811762\" role=\"tablist\" aria-multiselectable=\"true\"><div class=\"panel panel-default\"><div class=\"panel-heading\" role=\"tab\"><p class=\"panel-title active\"><a data-toggle=\"collapse\" data-parent=\"#accordion_586811762\" href=\"#1536676180-1-63\"><span>Comedias para caf\u00e9 con leche a la ma\u00f1ana. El perro es opcional<\/span><\/a><\/p><\/div><div id=\"1536676180-1-63\" class=\"panel-collapse collapse in\" role=\"tabpanel\"><div class=\"panel-body\">\n\t\t\t\t\t\t<div class=\"uncode_text_column\" ><p>These are texts best read in a well-lit room\u2014preferably one bathed in natural light. While they\u2019re not particularly demanding in terms of concentration, a certain level of intimacy is recommended. Some of the gags are musical in nature, so I suggest reading them aloud. No more than fifty minutes of focused attention is required\u2014but yes, uninterrupted attention is best.<br \/>\nI also strongly recommend pairing the text with a caf\u00e9 con leche, or a cortado if that\u2019s more your style. A light pastry from a good bakery makes an ideal companion for the beverage. These works are not meant to be read in libraries or university settings, where the academic atmosphere might trick the reader into mistaking lightness for simplicity. A common mistake\u2014and one I\u2019d rather help you avoid.<br \/>\nSome readers have reached out to ask whether it would be appropriate to read these texts, in addition to the above conditions, while lounging on a futon, ideally with a schnauzer or Belgian shepherd curled up at their feet. While I don\u2019t object to the decorative presence of dogs during readings of my work, if asked, I would enthusiastically recommend a beagle. Their playful, lively, and agile nature makes them a perfect match for texts that aspire to the same.<\/p>\n<ul>\n<li><a href=\"http:\/\/martinginer.com.ar\/en\/wordpress\/portfolio\/75-punaladas-el-caso-de-un-sospechoso-suicidio\/\">75 Pu\u00f1aladas (el caso de un sospechoso suicidio)<\/a><\/li>\n<li><a href=\"http:\/\/martinginer.com.ar\/en\/wordpress\/portfolio\/freak-show\/\">Freak Show<\/a><\/li>\n<li><a href=\"http:\/\/martinginer.com.ar\/en\/wordpress\/portfolio\/kandinsky\/\">Kandinsky<\/a><\/li>\n<li><a href=\"http:\/\/martinginer.com.ar\/en\/wordpress\/portfolio\/lo-que-dure-este-cafe\/\">Lo que dure este caf\u00e9<\/a><\/li>\n<\/ul>\n<p>\n<\/div><\/div><\/div><\/div><div class=\"panel panel-default\"><div class=\"panel-heading\" role=\"tab\"><p class=\"panel-title\"><a data-toggle=\"collapse\" data-parent=\"#accordion_586811762\" href=\"#1536676180-2-44\"><span>Para leer bajo una l\u00e1mpara Osram Duluxe L 36W de cuatro pines, seg\u00fan la Universidad de Massachusetts<\/span><\/a><\/p><\/div><div id=\"1536676180-2-44\" class=\"panel-collapse collapse\" role=\"tabpanel\"><div class=\"panel-body\">\n\t\t\t\t\t\t<div class=\"uncode_text_column\" ><p>If you happen to be exploited\u2014whether you work in a coal mine, a clandestine textile workshop, a call center, row in a Roman galley, or teach at a private school\u2014and somehow still find yourself thirsty for justice and critique, then you are the ideal reader for these texts. You\u2019ll find critique in the fiction. As for justice\u2026 well, also in the fiction.<br \/>\nRecomiendo la lectura al final del d\u00eda, cuando las expectativas que se ten\u00edan a la ma\u00f1ana sobre el d\u00eda por comenzar se han agotado&#8230; o cuando se han agotado las expectativas en general. Pero lo mas importante es que la lectura se haga bajo la luz de una l\u00e1mpara bajo consumo de luz c\u00e1lida. Un estudio de la Universidad de Massachusetts prob\u00f3 que las l\u00e1mparas Osram Duluxe L 36W de cuatro pines son las que arrojaron mejores resultados para la lectura de estas comedias. Otro resultado de este estudio fue la toma de todo el segundo piso y parte del subsuelo de la Universidad de Masschusetts por parte de los investigadores, ya que aparentemente llevan a\u00f1os forzados a hacer estudios absurdos en sobrecarga horaria y sin las m\u00ednimas condiciones de seguridad.<\/p>\n<ul>\n<li><a href=\"http:\/\/martinginer.com.ar\/en\/wordpress\/portfolio\/mediopueblo\/\">Mediopueblo<\/a><\/li>\n<li><a href=\"http:\/\/martinginer.com.ar\/en\/wordpress\/portfolio\/un-tonto-en-una-caja\/\">Un tonto en una caja<\/a><\/li>\n<\/ul>\n<p>\n<\/div><\/div><\/div><\/div><div class=\"panel panel-default\"><div class=\"panel-heading\" role=\"tab\"><p class=\"panel-title\"><a data-toggle=\"collapse\" data-parent=\"#accordion_586811762\" href=\"#1536678333938-2-5\"><span>Si su reloj no se derrite, lo est\u00e1 leyendo mal<\/span><\/a><\/p><\/div><div id=\"1536678333938-2-5\" class=\"panel-collapse collapse\" role=\"tabpanel\"><div class=\"panel-body\">\n\t\t\t\t\t\t<div class=\"uncode_text_column\" ><p>Aconsejo leer estos textos en medio de la noche, cuando el cerebro busca huir de lo cotidiano y abre sus puertas al surrealismo. En virtud de este clima extracotidiano es que recomiendo leer estos textos sentado en un sill\u00f3n de barbero que se sostiene sobre un caracol gigante que, a falta de algo mejor que hacer, recorre un desierto; desierto que visto desde otra perspectiva parece ser la espalda de una mujer. Si por alg\u00fan motivo usted no cuenta con el sill\u00f3n de barbero, el caracol o la mujer, bien puede usar una habitaci\u00f3n cualquiera, pero recomiendo buscar una que se encuentre lejos de la cocina de la casa, pero, sobre todo, lejos de la realidad.<br \/>\nAunque puede acompa\u00f1ar la lectura con una bebida, no recomiendo bebidas que lleven burbujas, porque es sabido que las burbujas distraen, y el lector debe ocupar el cien por ciento de su atenci\u00f3n, no solo en comprender lo que sucede, si no tambi\u00e9n en construir las im\u00e1genes que el texto propone.<\/p>\n<ul>\n<li><a href=\"http:\/\/martinginer.com.ar\/en\/wordpress\/portfolio\/oniria\/\">Oniria<\/a><\/li>\n<li><a href=\"http:\/\/martinginer.com.ar\/en\/wordpress\/portfolio\/los-autoiluminados\/\">Los autoiluminados<\/a><\/li>\n<li><a href=\"http:\/\/martinginer.com.ar\/en\/wordpress\/portfolio\/la-micro-superpoblacion-de-anton\/\">La micro super poblaci\u00f3n de Ant\u00f3n<\/a><\/li>\n<li><a href=\"http:\/\/martinginer.com.ar\/en\/wordpress\/portfolio\/diseccion\/\">Disecci\u00f3n<\/a><\/li>\n<\/ul>\n<p>\n<\/div><\/div><\/div><\/div><\/div><\/div><\/div><\/div><\/div><\/div><\/div><script id=\"script-605797\" data-row=\"script-605797\" type=\"text\/javascript\">if ( typeof UNCODE !== \"undefined\" ) UNCODE.initRow(document.getElementById(\"script-605797\"));<\/script><\/div><\/div><\/div>","protected":false},"excerpt":{"rendered":"Obras - 1if ( typeof UNCODE !== \"undefined\" ) UNCODE.initRow(document.getElementById(\"script-128793\"));Comedias para caf\u00e9 con leche a la ma\u00f1ana. El perro es [...]","protected":false},"author":1,"featured_media":0,"parent":0,"menu_order":0,"comment_status":"closed","ping_status":"closed","template":"","meta":{"footnotes":""},"_links":{"self":[{"href":"https:\/\/martinginer.com.ar\/en\/wp-json\/wp\/v2\/pages\/73475"}],"collection":[{"href":"https:\/\/martinginer.com.ar\/en\/wp-json\/wp\/v2\/pages"}],"about":[{"href":"https:\/\/martinginer.com.ar\/en\/wp-json\/wp\/v2\/types\/page"}],"author":[{"embeddable":true,"href":"https:\/\/martinginer.com.ar\/en\/wp-json\/wp\/v2\/users\/1"}],"replies":[{"embeddable":true,"href":"https:\/\/martinginer.com.ar\/en\/wp-json\/wp\/v2\/comments?post=73475"}],"version-history":[{"count":4,"href":"https:\/\/martinginer.com.ar\/en\/wp-json\/wp\/v2\/pages\/73475\/revisions"}],"predecessor-version":[{"id":73507,"href":"https:\/\/martinginer.com.ar\/en\/wp-json\/wp\/v2\/pages\/73475\/revisions\/73507"}],"wp:attachment":[{"href":"https:\/\/martinginer.com.ar\/en\/wp-json\/wp\/v2\/media?parent=73475"}],"curies":[{"name":"wp","href":"https:\/\/api.w.org\/{rel}","templated":true}]}}