{"id":73821,"date":"2018-09-17T11:36:01","date_gmt":"2018-09-17T14:36:01","guid":{"rendered":"http:\/\/martinginer.com.ar\/wordpress\/?page_id=73821"},"modified":"2019-08-30T12:14:47","modified_gmt":"2019-08-30T15:14:47","slug":"teatreros-freak-show","status":"publish","type":"page","link":"https:\/\/martinginer.com.ar\/en\/teatreros\/teatreros-freak-show\/","title":{"rendered":"Freak Show"},"content":{"rendered":"<div data-parent=\"true\" class=\"vc_row row-container\"><div class=\"row limit-width row-parent\"><div class=\"row-inner\"><div class=\"pos-top pos-center align_left column_parent col-lg-12 single-internal-gutter\"><div class=\"uncol style-dark\"  ><div class=\"uncoltable\"><div class=\"uncell no-block-padding\"><div class=\"uncont\"><div id=\"index-134958\" class=\"isotope-system isotope-general-dark\">\n                    <div class=\"isotope-wrapper single-gutter\">\n      <div class=\"isotope-container isotope-layout style-masonry isotope-pagination\" data-type=\"masonry\" data-layout=\"packery\" data-lg=\"1000\" data-md=\"600\" data-sm=\"480\" data-vp-height=\"\">\n        <div class=\"tmb tmb-iso-w4 tmb-iso-h4 tmb-light tmb-overlay-text-anim tmb-overlay-anim tmb-content-left tmb-image-anim tmb-shadowed tmb-media-shadowed-xs tmb-bordered  grid-cat-89 tmb-id-74510 tmb-img-ratio tmb-content-under tmb-media-first\">\n\t\t\t\t\t\t<div class=\"t-inside style-color-xsdn-bg\" ><div class=\"t-entry-visual\"><div class=\"t-entry-visual-tc\"><div class=\"t-entry-visual-cont\"><a tabindex=\"-1\" href=\"https:\/\/martinginer.com.ar\/en\/2019\/07\/12\/carrillo-alviso-paraguay\/\" class=\"pushed\" target=\"_self\" data-lb-index=\"0\"><div class=\"t-entry-visual-overlay\"><div class=\"t-entry-visual-overlay-in style-dark-bg\" style=\"opacity: 0.5;\"><\/div><\/div>\n\t\t\t\t\t\t\t\t\t<div class=\"t-overlay-wrap\">\n\t\t\t\t\t\t\t\t\t\t<div class=\"t-overlay-inner\">\n\t\t\t\t\t\t\t\t\t\t\t<div class=\"t-overlay-content\">\n\t\t\t\t\t\t\t\t\t\t\t\t<div class=\"t-overlay-text single-block-padding\"><div class=\"t-entry t-single-line\"><\/div><\/div><\/div><\/div><\/div><img decoding=\"async\" src=\"\" width=\"\" height=\"\" alt=\"\" \/><\/a><\/div>\n\t\t\t\t<\/div>\n\t\t\t<\/div><div class=\"t-entry-text\">\n\t\t\t\t\t\t\t<div class=\"t-entry-text-tc single-block-padding\"><div class=\"t-entry\"><h3 class=\"t-entry-title h4\"><a href=\"https:\/\/martinginer.com.ar\/en\/2019\/07\/12\/carrillo-alviso-paraguay\/\" target=\"_self\">Carrillo-Alviso | Paraguay<\/a><\/h3><\/div><\/div>\n\t\t\t\t\t<\/div><\/div>\n\t\t\t\t\t<\/div><div class=\"tmb tmb-iso-w4 tmb-iso-h4 tmb-light tmb-overlay-text-anim tmb-overlay-anim tmb-content-left tmb-image-anim tmb-shadowed tmb-media-shadowed-xs tmb-bordered  grid-cat-89 tmb-id-74410 tmb-img-ratio tmb-content-under tmb-media-first\">\n\t\t\t\t\t\t<div class=\"t-inside style-color-xsdn-bg\" ><div class=\"t-entry-visual\"><div class=\"t-entry-visual-tc\"><div class=\"t-entry-visual-cont\"><div class=\"dummy\" style=\"padding-top: 66.7%;\"><\/div><a tabindex=\"-1\" href=\"https:\/\/martinginer.com.ar\/en\/2019\/06\/26\/lucia-cortes-antonio-gonzalez-mexico\/\" class=\"pushed\" target=\"_self\" data-lb-index=\"1\"><div class=\"t-entry-visual-overlay\"><div class=\"t-entry-visual-overlay-in style-dark-bg\" style=\"opacity: 0.5;\"><\/div><\/div>\n\t\t\t\t\t\t\t\t\t<div class=\"t-overlay-wrap\">\n\t\t\t\t\t\t\t\t\t\t<div class=\"t-overlay-inner\">\n\t\t\t\t\t\t\t\t\t\t\t<div class=\"t-overlay-content\">\n\t\t\t\t\t\t\t\t\t\t\t\t<div class=\"t-overlay-text single-block-padding\"><div class=\"t-entry t-single-line\"><\/div><\/div><\/div><\/div><\/div><img loading=\"lazy\" decoding=\"async\" src=\"https:\/\/martinginer.com.ar\/wordpress\/wp-content\/uploads\/2019\/06\/Freak-Show-cortez-gonzalez-guadalajara-C-uai-598x399.jpg\" width=\"598\" height=\"399\" alt=\"\" \/><\/a><\/div>\n\t\t\t\t<\/div>\n\t\t\t<\/div><div class=\"t-entry-text\">\n\t\t\t\t\t\t\t<div class=\"t-entry-text-tc single-block-padding\"><div class=\"t-entry\"><h3 class=\"t-entry-title h4\"><a href=\"https:\/\/martinginer.com.ar\/en\/2019\/06\/26\/lucia-cortes-antonio-gonzalez-mexico\/\" target=\"_self\">Cort\u00e9s &#8211; Gonz\u00e1lez | M\u00e9xico<\/a><\/h3><\/div><\/div>\n\t\t\t\t\t<\/div><\/div>\n\t\t\t\t\t<\/div><div class=\"tmb tmb-iso-w4 tmb-iso-h4 tmb-light tmb-overlay-text-anim tmb-overlay-anim tmb-content-left tmb-image-anim tmb-shadowed tmb-media-shadowed-xs tmb-bordered  grid-cat-89 tmb-id-74402 tmb-img-ratio tmb-content-under tmb-media-first\">\n\t\t\t\t\t\t<div class=\"t-inside style-color-xsdn-bg\" ><div class=\"t-entry-visual\"><div class=\"t-entry-visual-tc\"><div class=\"t-entry-visual-cont\"><div class=\"dummy\" style=\"padding-top: 66.6%;\"><\/div><a tabindex=\"-1\" href=\"https:\/\/martinginer.com.ar\/en\/2019\/06\/26\/carlos-gallegos-ecuador\/\" class=\"pushed\" target=\"_self\" data-lb-index=\"2\"><div class=\"t-entry-visual-overlay\"><div class=\"t-entry-visual-overlay-in style-dark-bg\" style=\"opacity: 0.5;\"><\/div><\/div>\n\t\t\t\t\t\t\t\t\t<div class=\"t-overlay-wrap\">\n\t\t\t\t\t\t\t\t\t\t<div class=\"t-overlay-inner\">\n\t\t\t\t\t\t\t\t\t\t\t<div class=\"t-overlay-content\">\n\t\t\t\t\t\t\t\t\t\t\t\t<div class=\"t-overlay-text single-block-padding\"><div class=\"t-entry t-single-line\"><\/div><\/div><\/div><\/div><\/div><img loading=\"lazy\" decoding=\"async\" src=\"https:\/\/martinginer.com.ar\/wordpress\/wp-content\/uploads\/2019\/06\/freakshow-gallegos-ecuador-A-uai-842x561.jpeg\" width=\"842\" height=\"561\" alt=\"\" \/><\/a><\/div>\n\t\t\t\t<\/div>\n\t\t\t<\/div><div class=\"t-entry-text\">\n\t\t\t\t\t\t\t<div class=\"t-entry-text-tc single-block-padding\"><div class=\"t-entry\"><h3 class=\"t-entry-title h4\"><a href=\"https:\/\/martinginer.com.ar\/en\/2019\/06\/26\/carlos-gallegos-ecuador\/\" target=\"_self\">Gallegos &#8211; Naranjo | Ecuador<\/a><\/h3><\/div><\/div>\n\t\t\t\t\t<\/div><\/div>\n\t\t\t\t\t<\/div><div class=\"tmb tmb-iso-w4 tmb-iso-h4 tmb-light tmb-overlay-text-anim tmb-overlay-anim tmb-content-left tmb-image-anim tmb-shadowed tmb-media-shadowed-xs tmb-bordered  grid-cat-89 tmb-id-73805 tmb-img-ratio tmb-content-under tmb-media-first\">\n\t\t\t\t\t\t<div class=\"t-inside style-color-xsdn-bg\" ><div class=\"t-entry-visual\"><div class=\"t-entry-visual-tc\"><div class=\"t-entry-visual-cont\"><div class=\"dummy\" style=\"padding-top: 66.6%;\"><\/div><a tabindex=\"-1\" href=\"https:\/\/martinginer.com.ar\/en\/2018\/09\/17\/lita-tancredi-mendoza\/\" class=\"pushed\" target=\"_self\" data-lb-index=\"3\"><div class=\"t-entry-visual-overlay\"><div class=\"t-entry-visual-overlay-in style-dark-bg\" style=\"opacity: 0.5;\"><\/div><\/div>\n\t\t\t\t\t\t\t\t\t<div class=\"t-overlay-wrap\">\n\t\t\t\t\t\t\t\t\t\t<div class=\"t-overlay-inner\">\n\t\t\t\t\t\t\t\t\t\t\t<div class=\"t-overlay-content\">\n\t\t\t\t\t\t\t\t\t\t\t\t<div class=\"t-overlay-text single-block-padding\"><div class=\"t-entry t-single-line\"><\/div><\/div><\/div><\/div><\/div><img loading=\"lazy\" decoding=\"async\" src=\"https:\/\/martinginer.com.ar\/wordpress\/wp-content\/uploads\/2018\/09\/freak-show-tancredi-mendoza-2015-D-uai-800x533.jpg\" width=\"800\" height=\"533\" alt=\"\" \/><\/a><\/div>\n\t\t\t\t<\/div>\n\t\t\t<\/div><div class=\"t-entry-text\">\n\t\t\t\t\t\t\t<div class=\"t-entry-text-tc single-block-padding\"><div class=\"t-entry\"><h3 class=\"t-entry-title h4\"><a href=\"https:\/\/martinginer.com.ar\/en\/2018\/09\/17\/lita-tancredi-mendoza\/\" target=\"_self\">Lita Tancredi | Mendoza<\/a><\/h3><\/div><\/div>\n\t\t\t\t\t<\/div><\/div>\n\t\t\t\t\t<\/div><div class=\"tmb tmb-iso-w4 tmb-iso-h4 tmb-light tmb-overlay-text-anim tmb-overlay-anim tmb-content-left tmb-image-anim tmb-shadowed tmb-media-shadowed-xs tmb-bordered  grid-cat-89 tmb-id-73787 tmb-img-ratio tmb-content-under tmb-media-first\">\n\t\t\t\t\t\t<div class=\"t-inside style-color-xsdn-bg\" ><div class=\"t-entry-visual\"><div class=\"t-entry-visual-tc\"><div class=\"t-entry-visual-cont\"><div class=\"dummy\" style=\"padding-top: 66.6%;\"><\/div><a tabindex=\"-1\" href=\"https:\/\/martinginer.com.ar\/en\/2018\/09\/17\/chuza-teatro-cordoba\/\" class=\"pushed\" target=\"_self\" data-lb-index=\"4\"><div class=\"t-entry-visual-overlay\"><div class=\"t-entry-visual-overlay-in style-dark-bg\" style=\"opacity: 0.5;\"><\/div><\/div>\n\t\t\t\t\t\t\t\t\t<div class=\"t-overlay-wrap\">\n\t\t\t\t\t\t\t\t\t\t<div class=\"t-overlay-inner\">\n\t\t\t\t\t\t\t\t\t\t\t<div class=\"t-overlay-content\">\n\t\t\t\t\t\t\t\t\t\t\t\t<div class=\"t-overlay-text single-block-padding\"><div class=\"t-entry t-single-line\"><\/div><\/div><\/div><\/div><\/div><img loading=\"lazy\" decoding=\"async\" src=\"https:\/\/martinginer.com.ar\/wordpress\/wp-content\/uploads\/2018\/09\/frak-show-chuza-cordoba-2016-A-uai-1195x796.jpg\" width=\"1195\" height=\"796\" alt=\"\" \/><\/a><\/div>\n\t\t\t\t<\/div>\n\t\t\t<\/div><div class=\"t-entry-text\">\n\t\t\t\t\t\t\t<div class=\"t-entry-text-tc single-block-padding\"><div class=\"t-entry\"><h3 class=\"t-entry-title h4\"><a href=\"https:\/\/martinginer.com.ar\/en\/2018\/09\/17\/chuza-teatro-cordoba\/\" target=\"_self\">Chuza Teatro | C\u00f3rdoba<\/a><\/h3><\/div><\/div>\n\t\t\t\t\t<\/div><\/div>\n\t\t\t\t\t<\/div><div class=\"tmb tmb-iso-w4 tmb-iso-h4 tmb-light tmb-overlay-text-anim tmb-overlay-anim tmb-content-left tmb-image-anim tmb-shadowed tmb-media-shadowed-xs tmb-bordered  grid-cat-89 tmb-id-73748 tmb-img-ratio tmb-content-under tmb-media-first\">\n\t\t\t\t\t\t<div class=\"t-inside style-color-xsdn-bg\" ><div class=\"t-entry-visual\"><div class=\"t-entry-visual-tc\"><div class=\"t-entry-visual-cont\"><a tabindex=\"-1\" href=\"https:\/\/martinginer.com.ar\/en\/2018\/09\/17\/los-de-al-lado-formosa\/\" class=\"pushed\" target=\"_self\" data-lb-index=\"5\"><div class=\"t-entry-visual-overlay\"><div class=\"t-entry-visual-overlay-in style-dark-bg\" style=\"opacity: 0.5;\"><\/div><\/div>\n\t\t\t\t\t\t\t\t\t<div class=\"t-overlay-wrap\">\n\t\t\t\t\t\t\t\t\t\t<div class=\"t-overlay-inner\">\n\t\t\t\t\t\t\t\t\t\t\t<div class=\"t-overlay-content\">\n\t\t\t\t\t\t\t\t\t\t\t\t<div class=\"t-overlay-text single-block-padding\"><div class=\"t-entry t-single-line\"><\/div><\/div><\/div><\/div><\/div><img decoding=\"async\" src=\"\" width=\"\" height=\"\" alt=\"\" \/><\/a><\/div>\n\t\t\t\t<\/div>\n\t\t\t<\/div><div class=\"t-entry-text\">\n\t\t\t\t\t\t\t<div class=\"t-entry-text-tc single-block-padding\"><div class=\"t-entry\"><h3 class=\"t-entry-title h4\"><a href=\"https:\/\/martinginer.com.ar\/en\/2018\/09\/17\/los-de-al-lado-formosa\/\" target=\"_self\">Los de al lado | Formosa<\/a><\/h3><\/div><\/div>\n\t\t\t\t\t<\/div><\/div>\n\t\t\t\t\t<\/div><div class=\"tmb tmb-iso-w4 tmb-iso-h4 tmb-light tmb-overlay-text-anim tmb-overlay-anim tmb-content-left tmb-image-anim tmb-shadowed tmb-media-shadowed-xs tmb-bordered  grid-cat-89 tmb-id-73689 tmb-img-ratio tmb-content-under tmb-media-first\">\n\t\t\t\t\t\t<div class=\"t-inside style-color-xsdn-bg\" ><div class=\"t-entry-visual\"><div class=\"t-entry-visual-tc\"><div class=\"t-entry-visual-cont\"><div class=\"dummy\" style=\"padding-top: 66.6%;\"><\/div><a tabindex=\"-1\" href=\"https:\/\/martinginer.com.ar\/en\/2018\/09\/15\/la-sombra-jujuy\/\" class=\"pushed\" target=\"_self\" data-lb-index=\"6\"><div class=\"t-entry-visual-overlay\"><div class=\"t-entry-visual-overlay-in style-dark-bg\" style=\"opacity: 0.5;\"><\/div><\/div>\n\t\t\t\t\t\t\t\t\t<div class=\"t-overlay-wrap\">\n\t\t\t\t\t\t\t\t\t\t<div class=\"t-overlay-inner\">\n\t\t\t\t\t\t\t\t\t\t\t<div class=\"t-overlay-content\">\n\t\t\t\t\t\t\t\t\t\t\t\t<div class=\"t-overlay-text single-block-padding\"><div class=\"t-entry t-single-line\"><\/div><\/div><\/div><\/div><\/div><img loading=\"lazy\" decoding=\"async\" src=\"https:\/\/martinginer.com.ar\/wordpress\/wp-content\/uploads\/2018\/09\/freak-show-sombra-jujuy-2016-D-uai-851x567.jpg\" width=\"851\" height=\"567\" alt=\"\" \/><\/a><\/div>\n\t\t\t\t<\/div>\n\t\t\t<\/div><div class=\"t-entry-text\">\n\t\t\t\t\t\t\t<div class=\"t-entry-text-tc single-block-padding\"><div class=\"t-entry\"><h3 class=\"t-entry-title h4\"><a href=\"https:\/\/martinginer.com.ar\/en\/2018\/09\/15\/la-sombra-jujuy\/\" target=\"_self\">La Sombra | Jujuy<\/a><\/h3><\/div><\/div>\n\t\t\t\t\t<\/div><\/div>\n\t\t\t\t\t<\/div>      <\/div>\n\n    <\/div>\n    <\/div>\n<\/div><\/div><\/div><\/div><\/div><script id=\"script-164340\" data-row=\"script-164340\" type=\"text\/javascript\">if ( typeof UNCODE !== \"undefined\" ) UNCODE.initRow(document.getElementById(\"script-164340\"));<\/script><\/div><\/div><\/div>","protected":false},"excerpt":{"rendered":"Freak Show Circo de Fen\u00f3menos A\u00f1o: 2016 Lugar: Teatro El Pasillo, Jujuy, Argentina Direcci\u00f3n: Gabriela Espinoza En escena:\u00a0Juan Pablo Dumon,\u00a0Juan [...]","protected":false},"author":1,"featured_media":74511,"parent":73852,"menu_order":0,"comment_status":"closed","ping_status":"closed","template":"","meta":{"footnotes":""},"_links":{"self":[{"href":"https:\/\/martinginer.com.ar\/en\/wp-json\/wp\/v2\/pages\/73821"}],"collection":[{"href":"https:\/\/martinginer.com.ar\/en\/wp-json\/wp\/v2\/pages"}],"about":[{"href":"https:\/\/martinginer.com.ar\/en\/wp-json\/wp\/v2\/types\/page"}],"author":[{"embeddable":true,"href":"https:\/\/martinginer.com.ar\/en\/wp-json\/wp\/v2\/users\/1"}],"replies":[{"embeddable":true,"href":"https:\/\/martinginer.com.ar\/en\/wp-json\/wp\/v2\/comments?post=73821"}],"version-history":[{"count":8,"href":"https:\/\/martinginer.com.ar\/en\/wp-json\/wp\/v2\/pages\/73821\/revisions"}],"predecessor-version":[{"id":74083,"href":"https:\/\/martinginer.com.ar\/en\/wp-json\/wp\/v2\/pages\/73821\/revisions\/74083"}],"up":[{"embeddable":true,"href":"https:\/\/martinginer.com.ar\/en\/wp-json\/wp\/v2\/pages\/73852"}],"wp:featuredmedia":[{"embeddable":true,"href":"https:\/\/martinginer.com.ar\/en\/wp-json\/wp\/v2\/media\/74511"}],"wp:attachment":[{"href":"https:\/\/martinginer.com.ar\/en\/wp-json\/wp\/v2\/media?parent=73821"}],"curies":[{"name":"wp","href":"https:\/\/api.w.org\/{rel}","templated":true}]}}