{"id":73829,"date":"2018-09-17T11:53:44","date_gmt":"2018-09-17T14:53:44","guid":{"rendered":"http:\/\/martinginer.com.ar\/wordpress\/?page_id=73829"},"modified":"2019-06-20T11:41:25","modified_gmt":"2019-06-20T14:41:25","slug":"teatreros-terapia","status":"publish","type":"page","link":"https:\/\/martinginer.com.ar\/en\/teatreros\/teatreros-terapia\/","title":{"rendered":"Terapia"},"content":{"rendered":"<div data-parent=\"true\" class=\"vc_row row-container\"><div class=\"row limit-width row-parent\"><div class=\"row-inner\"><div class=\"pos-top pos-center align_left column_parent col-lg-12 single-internal-gutter\"><div class=\"uncol style-dark\"  ><div class=\"uncoltable\"><div class=\"uncell no-block-padding\"><div class=\"uncont\"><div id=\"index-319147\" class=\"isotope-system isotope-general-dark\">\n                    <div class=\"isotope-wrapper single-gutter\">\n      <div class=\"isotope-container isotope-layout style-masonry isotope-pagination\" data-type=\"masonry\" data-layout=\"packery\" data-lg=\"1000\" data-md=\"600\" data-sm=\"480\" data-vp-height=\"\">\n        <div class=\"tmb tmb-iso-w4 tmb-iso-h4 tmb-light tmb-overlay-text-anim tmb-overlay-anim tmb-content-left tmb-image-anim tmb-shadowed tmb-media-shadowed-xs tmb-bordered  grid-cat-87 tmb-id-74442 tmb-img-ratio tmb-content-under tmb-media-first\">\n\t\t\t\t\t\t<div class=\"t-inside style-color-xsdn-bg\" ><div class=\"t-entry-visual\"><div class=\"t-entry-visual-tc\"><div class=\"t-entry-visual-cont\"><div class=\"dummy\" style=\"padding-top: 66.5%;\"><\/div><a tabindex=\"-1\" href=\"https:\/\/martinginer.com.ar\/en\/2019\/06\/26\/manuel-naredo-mexico\/\" class=\"pushed\" target=\"_self\" data-lb-index=\"0\"><div class=\"t-entry-visual-overlay\"><div class=\"t-entry-visual-overlay-in style-dark-bg\" style=\"opacity: 0.5;\"><\/div><\/div>\n\t\t\t\t\t\t\t\t\t<div class=\"t-overlay-wrap\">\n\t\t\t\t\t\t\t\t\t\t<div class=\"t-overlay-inner\">\n\t\t\t\t\t\t\t\t\t\t\t<div class=\"t-overlay-content\">\n\t\t\t\t\t\t\t\t\t\t\t\t<div class=\"t-overlay-text single-block-padding\"><div class=\"t-entry t-single-line\"><\/div><\/div><\/div><\/div><\/div><img loading=\"lazy\" decoding=\"async\" src=\"https:\/\/martinginer.com.ar\/wordpress\/wp-content\/uploads\/2019\/06\/terapia-naredo-mexico-B-uai-463x308.jpg\" width=\"463\" height=\"308\" alt=\"\" \/><\/a><\/div>\n\t\t\t\t<\/div>\n\t\t\t<\/div><div class=\"t-entry-text\">\n\t\t\t\t\t\t\t<div class=\"t-entry-text-tc single-block-padding\"><div class=\"t-entry\"><h3 class=\"t-entry-title h4\"><a href=\"https:\/\/martinginer.com.ar\/en\/2019\/06\/26\/manuel-naredo-mexico\/\" target=\"_self\">Manuel Naredo | M\u00e9xico<\/a><\/h3><\/div><\/div>\n\t\t\t\t\t<\/div><\/div>\n\t\t\t\t\t<\/div><div class=\"tmb tmb-iso-w4 tmb-iso-h4 tmb-light tmb-overlay-text-anim tmb-overlay-anim tmb-content-left tmb-image-anim tmb-shadowed tmb-media-shadowed-xs tmb-bordered  grid-cat-87 tmb-id-74365 tmb-img-ratio tmb-content-under tmb-media-first\">\n\t\t\t\t\t\t<div class=\"t-inside style-color-xsdn-bg\" ><div class=\"t-entry-visual\"><div class=\"t-entry-visual-tc\"><div class=\"t-entry-visual-cont\"><div class=\"dummy\" style=\"padding-top: 66.6%;\"><\/div><a tabindex=\"-1\" href=\"https:\/\/martinginer.com.ar\/en\/2019\/06\/24\/julio-musotto-neuquen\/\" class=\"pushed\" target=\"_self\" data-lb-index=\"1\"><div class=\"t-entry-visual-overlay\"><div class=\"t-entry-visual-overlay-in style-dark-bg\" style=\"opacity: 0.5;\"><\/div><\/div>\n\t\t\t\t\t\t\t\t\t<div class=\"t-overlay-wrap\">\n\t\t\t\t\t\t\t\t\t\t<div class=\"t-overlay-inner\">\n\t\t\t\t\t\t\t\t\t\t\t<div class=\"t-overlay-content\">\n\t\t\t\t\t\t\t\t\t\t\t\t<div class=\"t-overlay-text single-block-padding\"><div class=\"t-entry t-single-line\"><\/div><\/div><\/div><\/div><\/div><img loading=\"lazy\" decoding=\"async\" src=\"https:\/\/martinginer.com.ar\/wordpress\/wp-content\/uploads\/2019\/06\/terapia-musoto-neuquen-E-uai-1280x853.jpeg\" width=\"1280\" height=\"853\" alt=\"\" \/><\/a><\/div>\n\t\t\t\t<\/div>\n\t\t\t<\/div><div class=\"t-entry-text\">\n\t\t\t\t\t\t\t<div class=\"t-entry-text-tc single-block-padding\"><div class=\"t-entry\"><h3 class=\"t-entry-title h4\"><a href=\"https:\/\/martinginer.com.ar\/en\/2019\/06\/24\/julio-musotto-neuquen\/\" target=\"_self\">Julio Musotto | Neuqu\u00e9n<\/a><\/h3><\/div><\/div>\n\t\t\t\t\t<\/div><\/div>\n\t\t\t\t\t<\/div><div class=\"tmb tmb-iso-w4 tmb-iso-h4 tmb-light tmb-overlay-text-anim tmb-overlay-anim tmb-content-left tmb-image-anim tmb-shadowed tmb-media-shadowed-xs tmb-bordered  grid-cat-87 tmb-id-73613 tmb-img-ratio tmb-content-under tmb-media-first\">\n\t\t\t\t\t\t<div class=\"t-inside style-color-xsdn-bg\" ><div class=\"t-entry-visual\"><div class=\"t-entry-visual-tc\"><div class=\"t-entry-visual-cont\"><a tabindex=\"-1\" href=\"https:\/\/martinginer.com.ar\/en\/2018\/09\/14\/la-mirada-teatro-jujuy\/\" class=\"pushed\" target=\"_self\" data-lb-index=\"2\"><div class=\"t-entry-visual-overlay\"><div class=\"t-entry-visual-overlay-in style-dark-bg\" style=\"opacity: 0.5;\"><\/div><\/div>\n\t\t\t\t\t\t\t\t\t<div class=\"t-overlay-wrap\">\n\t\t\t\t\t\t\t\t\t\t<div class=\"t-overlay-inner\">\n\t\t\t\t\t\t\t\t\t\t\t<div class=\"t-overlay-content\">\n\t\t\t\t\t\t\t\t\t\t\t\t<div class=\"t-overlay-text single-block-padding\"><div class=\"t-entry t-single-line\"><\/div><\/div><\/div><\/div><\/div><img decoding=\"async\" src=\"\" width=\"\" height=\"\" alt=\"\" \/><\/a><\/div>\n\t\t\t\t<\/div>\n\t\t\t<\/div><div class=\"t-entry-text\">\n\t\t\t\t\t\t\t<div class=\"t-entry-text-tc single-block-padding\"><div class=\"t-entry\"><h3 class=\"t-entry-title h4\"><a href=\"https:\/\/martinginer.com.ar\/en\/2018\/09\/14\/la-mirada-teatro-jujuy\/\" target=\"_self\">La Mirada Teatro | Jujuy<\/a><\/h3><\/div><\/div>\n\t\t\t\t\t<\/div><\/div>\n\t\t\t\t\t<\/div><div class=\"tmb tmb-iso-w4 tmb-iso-h4 tmb-light tmb-overlay-text-anim tmb-overlay-anim tmb-content-left tmb-image-anim tmb-shadowed tmb-media-shadowed-xs tmb-bordered  grid-cat-87 tmb-id-73605 tmb-img-ratio tmb-content-under tmb-media-first\">\n\t\t\t\t\t\t<div class=\"t-inside style-color-xsdn-bg\" ><div class=\"t-entry-visual\"><div class=\"t-entry-visual-tc\"><div class=\"t-entry-visual-cont\"><div class=\"dummy\" style=\"padding-top: 66.7%;\"><\/div><a tabindex=\"-1\" href=\"https:\/\/martinginer.com.ar\/en\/2018\/09\/14\/terapia-eduardo-ceballos\/\" class=\"pushed\" target=\"_self\" data-lb-index=\"3\"><div class=\"t-entry-visual-overlay\"><div class=\"t-entry-visual-overlay-in style-dark-bg\" style=\"opacity: 0.5;\"><\/div><\/div>\n\t\t\t\t\t\t\t\t\t<div class=\"t-overlay-wrap\">\n\t\t\t\t\t\t\t\t\t\t<div class=\"t-overlay-inner\">\n\t\t\t\t\t\t\t\t\t\t\t<div class=\"t-overlay-content\">\n\t\t\t\t\t\t\t\t\t\t\t\t<div class=\"t-overlay-text single-block-padding\"><div class=\"t-entry t-single-line\"><\/div><\/div><\/div><\/div><\/div><img loading=\"lazy\" decoding=\"async\" src=\"https:\/\/martinginer.com.ar\/wordpress\/wp-content\/uploads\/2018\/09\/terapia-ceballos-Rosario-B-uai-477x318.jpg\" width=\"477\" height=\"318\" alt=\"\" \/><\/a><\/div>\n\t\t\t\t<\/div>\n\t\t\t<\/div><div class=\"t-entry-text\">\n\t\t\t\t\t\t\t<div class=\"t-entry-text-tc single-block-padding\"><div class=\"t-entry\"><h3 class=\"t-entry-title h4\"><a href=\"https:\/\/martinginer.com.ar\/en\/2018\/09\/14\/terapia-eduardo-ceballos\/\" target=\"_self\">Eduardo Ceballos | Rosario<\/a><\/h3><\/div><\/div>\n\t\t\t\t\t<\/div><\/div>\n\t\t\t\t\t<\/div>      <\/div>\n\n    <\/div>\n    <\/div>\n<\/div><\/div><\/div><\/div><\/div><script id=\"script-143587\" data-row=\"script-143587\" type=\"text\/javascript\">if ( typeof UNCODE !== \"undefined\" ) UNCODE.initRow(document.getElementById(\"script-143587\"));<\/script><\/div><\/div><\/div>","protected":false},"excerpt":{"rendered":"Terapia Comedia en 3 sesiones y un diagn\u00f3stico Direcci\u00f3n: Eduardo Ceballos Elenco: Victor Ferro, Hector Bellomo A\u00f1o: 2015 Lugar: Rosario, [...]","protected":false},"author":1,"featured_media":73617,"parent":73852,"menu_order":0,"comment_status":"closed","ping_status":"closed","template":"","meta":{"footnotes":""},"_links":{"self":[{"href":"https:\/\/martinginer.com.ar\/en\/wp-json\/wp\/v2\/pages\/73829"}],"collection":[{"href":"https:\/\/martinginer.com.ar\/en\/wp-json\/wp\/v2\/pages"}],"about":[{"href":"https:\/\/martinginer.com.ar\/en\/wp-json\/wp\/v2\/types\/page"}],"author":[{"embeddable":true,"href":"https:\/\/martinginer.com.ar\/en\/wp-json\/wp\/v2\/users\/1"}],"replies":[{"embeddable":true,"href":"https:\/\/martinginer.com.ar\/en\/wp-json\/wp\/v2\/comments?post=73829"}],"version-history":[{"count":5,"href":"https:\/\/martinginer.com.ar\/en\/wp-json\/wp\/v2\/pages\/73829\/revisions"}],"predecessor-version":[{"id":74089,"href":"https:\/\/martinginer.com.ar\/en\/wp-json\/wp\/v2\/pages\/73829\/revisions\/74089"}],"up":[{"embeddable":true,"href":"https:\/\/martinginer.com.ar\/en\/wp-json\/wp\/v2\/pages\/73852"}],"wp:featuredmedia":[{"embeddable":true,"href":"https:\/\/martinginer.com.ar\/en\/wp-json\/wp\/v2\/media\/73617"}],"wp:attachment":[{"href":"https:\/\/martinginer.com.ar\/en\/wp-json\/wp\/v2\/media?parent=73829"}],"curies":[{"name":"wp","href":"https:\/\/api.w.org\/{rel}","templated":true}]}}