{"id":73836,"date":"2018-09-17T11:59:42","date_gmt":"2018-09-17T14:59:42","guid":{"rendered":"http:\/\/martinginer.com.ar\/wordpress\/?page_id=73836"},"modified":"2018-10-19T19:06:34","modified_gmt":"2018-10-19T22:06:34","slug":"teatreros-diseccion","status":"publish","type":"page","link":"https:\/\/martinginer.com.ar\/en\/teatreros\/teatreros-diseccion\/","title":{"rendered":"Disecci\u00f3n"},"content":{"rendered":"<div data-parent=\"true\" class=\"vc_row row-container\"><div class=\"row limit-width row-parent\"><div class=\"row-inner\"><div class=\"pos-top pos-center align_left column_parent col-lg-12 single-internal-gutter\"><div class=\"uncol style-dark\"  ><div class=\"uncoltable\"><div class=\"uncell no-block-padding\"><div class=\"uncont\"><div id=\"index-102845\" class=\"isotope-system isotope-general-dark\">\n                    <div class=\"isotope-wrapper single-gutter\">\n      <div class=\"isotope-container isotope-layout style-masonry isotope-pagination\" data-type=\"masonry\" data-layout=\"packery\" data-lg=\"1000\" data-md=\"600\" data-sm=\"480\" data-vp-height=\"\">\n        <div class=\"tmb tmb-iso-w4 tmb-iso-h4 tmb-light tmb-overlay-text-anim tmb-overlay-anim tmb-content-left tmb-image-anim tmb-shadowed tmb-media-shadowed-xs tmb-bordered  grid-cat-88 tmb-id-73655 tmb-img-ratio tmb-content-under tmb-media-first\">\n\t\t\t\t\t\t<div class=\"t-inside style-color-xsdn-bg\" ><div class=\"t-entry-visual\"><div class=\"t-entry-visual-tc\"><div class=\"t-entry-visual-cont\"><div class=\"dummy\" style=\"padding-top: 66.6%;\"><\/div><a tabindex=\"-1\" href=\"https:\/\/martinginer.com.ar\/en\/2018\/09\/15\/metateatro-mexico\/\" class=\"pushed\" target=\"_self\" data-lb-index=\"0\"><div class=\"t-entry-visual-overlay\"><div class=\"t-entry-visual-overlay-in style-dark-bg\" style=\"opacity: 0.5;\"><\/div><\/div>\n\t\t\t\t\t\t\t\t\t<div class=\"t-overlay-wrap\">\n\t\t\t\t\t\t\t\t\t\t<div class=\"t-overlay-inner\">\n\t\t\t\t\t\t\t\t\t\t\t<div class=\"t-overlay-content\">\n\t\t\t\t\t\t\t\t\t\t\t\t<div class=\"t-overlay-text single-block-padding\"><div class=\"t-entry t-single-line\"><\/div><\/div><\/div><\/div><\/div><img loading=\"lazy\" decoding=\"async\" src=\"https:\/\/martinginer.com.ar\/wordpress\/wp-content\/uploads\/2018\/09\/diseccion-metateatro-2014-I-uai-800x533.png\" width=\"800\" height=\"533\" alt=\"\" \/><\/a><\/div>\n\t\t\t\t<\/div>\n\t\t\t<\/div><div class=\"t-entry-text\">\n\t\t\t\t\t\t\t<div class=\"t-entry-text-tc single-block-padding\"><div class=\"t-entry\"><h3 class=\"t-entry-title h4\"><a href=\"https:\/\/martinginer.com.ar\/en\/2018\/09\/15\/metateatro-mexico\/\" target=\"_self\">Metateatro | M\u00e9xico<\/a><\/h3><\/div><\/div>\n\t\t\t\t\t<\/div><\/div>\n\t\t\t\t\t<\/div><div class=\"tmb tmb-iso-w4 tmb-iso-h4 tmb-light tmb-overlay-text-anim tmb-overlay-anim tmb-content-left tmb-image-anim tmb-shadowed tmb-media-shadowed-xs tmb-bordered  grid-cat-88 tmb-id-73651 tmb-img-ratio tmb-content-under tmb-media-first\">\n\t\t\t\t\t\t<div class=\"t-inside style-color-xsdn-bg\" ><div class=\"t-entry-visual\"><div class=\"t-entry-visual-tc\"><div class=\"t-entry-visual-cont\"><a tabindex=\"-1\" href=\"https:\/\/martinginer.com.ar\/en\/2018\/09\/15\/la-secta-minuscula-de-los-viajeros-frecuentes-mexico\/\" class=\"pushed\" target=\"_self\" data-lb-index=\"1\"><div class=\"t-entry-visual-overlay\"><div class=\"t-entry-visual-overlay-in style-dark-bg\" style=\"opacity: 0.5;\"><\/div><\/div>\n\t\t\t\t\t\t\t\t\t<div class=\"t-overlay-wrap\">\n\t\t\t\t\t\t\t\t\t\t<div class=\"t-overlay-inner\">\n\t\t\t\t\t\t\t\t\t\t\t<div class=\"t-overlay-content\">\n\t\t\t\t\t\t\t\t\t\t\t\t<div class=\"t-overlay-text single-block-padding\"><div class=\"t-entry t-single-line\"><\/div><\/div><\/div><\/div><\/div><img decoding=\"async\" src=\"\" width=\"\" height=\"\" alt=\"\" \/><\/a><\/div>\n\t\t\t\t<\/div>\n\t\t\t<\/div><div class=\"t-entry-text\">\n\t\t\t\t\t\t\t<div class=\"t-entry-text-tc single-block-padding\"><div class=\"t-entry\"><h3 class=\"t-entry-title h4\"><a href=\"https:\/\/martinginer.com.ar\/en\/2018\/09\/15\/la-secta-minuscula-de-los-viajeros-frecuentes-mexico\/\" target=\"_self\">La Secta Min\u00fascula de los Viajeros Frecuentes | M\u00e9xico<\/a><\/h3><\/div><\/div>\n\t\t\t\t\t<\/div><\/div>\n\t\t\t\t\t<\/div>      <\/div>\n\n    <\/div>\n    <\/div>\n<\/div><\/div><\/div><\/div><\/div><script id=\"script-163814\" data-row=\"script-163814\" type=\"text\/javascript\">if ( typeof UNCODE !== \"undefined\" ) UNCODE.initRow(document.getElementById(\"script-163814\"));<\/script><\/div><\/div><\/div>","protected":false},"excerpt":{"rendered":"Disecci\u00f3n La mejor forma de conocer a alguien, es por partes. A\u00f1o: 2018 Lugar: Aguas calientes, M\u00e9xico Direcci\u00f3n: Juan Manuel [...]","protected":false},"author":1,"featured_media":73626,"parent":73852,"menu_order":0,"comment_status":"closed","ping_status":"closed","template":"","meta":{"footnotes":""},"_links":{"self":[{"href":"https:\/\/martinginer.com.ar\/en\/wp-json\/wp\/v2\/pages\/73836"}],"collection":[{"href":"https:\/\/martinginer.com.ar\/en\/wp-json\/wp\/v2\/pages"}],"about":[{"href":"https:\/\/martinginer.com.ar\/en\/wp-json\/wp\/v2\/types\/page"}],"author":[{"embeddable":true,"href":"https:\/\/martinginer.com.ar\/en\/wp-json\/wp\/v2\/users\/1"}],"replies":[{"embeddable":true,"href":"https:\/\/martinginer.com.ar\/en\/wp-json\/wp\/v2\/comments?post=73836"}],"version-history":[{"count":6,"href":"https:\/\/martinginer.com.ar\/en\/wp-json\/wp\/v2\/pages\/73836\/revisions"}],"predecessor-version":[{"id":74377,"href":"https:\/\/martinginer.com.ar\/en\/wp-json\/wp\/v2\/pages\/73836\/revisions\/74377"}],"up":[{"embeddable":true,"href":"https:\/\/martinginer.com.ar\/en\/wp-json\/wp\/v2\/pages\/73852"}],"wp:featuredmedia":[{"embeddable":true,"href":"https:\/\/martinginer.com.ar\/en\/wp-json\/wp\/v2\/media\/73626"}],"wp:attachment":[{"href":"https:\/\/martinginer.com.ar\/en\/wp-json\/wp\/v2\/media?parent=73836"}],"curies":[{"name":"wp","href":"https:\/\/api.w.org\/{rel}","templated":true}]}}