{"id":73852,"date":"2018-09-17T12:37:09","date_gmt":"2018-09-17T15:37:09","guid":{"rendered":"http:\/\/martinginer.com.ar\/wordpress\/?page_id=73852"},"modified":"2019-06-25T18:12:43","modified_gmt":"2019-06-25T21:12:43","slug":"teatreros","status":"publish","type":"page","link":"https:\/\/martinginer.com.ar\/en\/teatreros\/","title":{"rendered":"Puestas en el mundo"},"content":{"rendered":"<div data-parent=\"true\" class=\"vc_row row-container\"><div class=\"row limit-width row-parent\"><div class=\"row-inner\"><div class=\"pos-top pos-center align_left column_parent col-lg-12 single-internal-gutter\"><div class=\"uncol style-dark\"  ><div class=\"uncoltable\"><div class=\"uncell no-block-padding\"><div class=\"uncont\"><div id=\"index-126698\" class=\"isotope-system isotope-general-dark\">\n                    <div class=\"isotope-wrapper single-gutter\">\n      <div class=\"isotope-container isotope-layout style-masonry isotope-pagination\" data-type=\"masonry\" data-layout=\"masonry\" data-lg=\"1000\" data-md=\"600\" data-sm=\"480\" data-vp-height=\"\">\n        <div class=\"tmb tmb-iso-w4 tmb-iso-h4 tmb-light tmb-overlay-text-anim tmb-overlay-anim tmb-content-left tmb-image-anim tmb-bordered  grid-cat-93 tmb-id-73895 tmb-img-ratio tmb-content-under tmb-media-first\">\n\t\t\t\t\t\t<div class=\"t-inside style-color-xsdn-bg\" ><div class=\"t-entry-visual\"><div class=\"t-entry-visual-tc\"><div class=\"t-entry-visual-cont\"><div class=\"dummy\" style=\"padding-top: 66.7%;\"><\/div><a tabindex=\"-1\" href=\"https:\/\/martinginer.com.ar\/en\/teatreros\/un-tonto-en-una-caja\/\" class=\"pushed\" target=\"_self\" data-lb-index=\"0\"><div class=\"t-entry-visual-overlay\"><div class=\"t-entry-visual-overlay-in style-dark-bg\" style=\"opacity: 0.5;\"><\/div><\/div>\n\t\t\t\t\t\t\t\t\t<div class=\"t-overlay-wrap\">\n\t\t\t\t\t\t\t\t\t\t<div class=\"t-overlay-inner\">\n\t\t\t\t\t\t\t\t\t\t\t<div class=\"t-overlay-content\">\n\t\t\t\t\t\t\t\t\t\t\t\t<div class=\"t-overlay-text single-block-padding\"><div class=\"t-entry t-single-line\"><\/div><\/div><\/div><\/div><\/div><img loading=\"lazy\" decoding=\"async\" src=\"https:\/\/martinginer.com.ar\/wordpress\/wp-content\/uploads\/2018\/09\/un-tonto-en-una-caja-espa\u00f1a-2017-B-uai-765x510.jpg\" width=\"765\" height=\"510\" alt=\"\" \/><\/a><\/div>\n\t\t\t\t<\/div>\n\t\t\t<\/div><div class=\"t-entry-text\">\n\t\t\t\t\t\t\t<div class=\"t-entry-text-tc single-block-padding\"><div class=\"t-entry\"><h3 class=\"t-entry-title h3\"><a href=\"https:\/\/martinginer.com.ar\/en\/teatreros\/un-tonto-en-una-caja\/\" target=\"_self\">Un tonto en una caja<\/a><\/h3><\/div><\/div>\n\t\t\t\t\t<\/div><\/div>\n\t\t\t\t\t<\/div><div class=\"tmb tmb-iso-w4 tmb-iso-h4 tmb-light tmb-overlay-text-anim tmb-overlay-anim tmb-content-left tmb-image-anim tmb-bordered  grid-cat-93 tmb-id-73821 tmb-img-ratio tmb-content-under tmb-media-first\">\n\t\t\t\t\t\t<div class=\"t-inside style-color-xsdn-bg\" ><div class=\"t-entry-visual\"><div class=\"t-entry-visual-tc\"><div class=\"t-entry-visual-cont\"><div class=\"dummy\" style=\"padding-top: 66.7%;\"><\/div><a tabindex=\"-1\" href=\"https:\/\/martinginer.com.ar\/en\/teatreros\/teatreros-freak-show\/\" class=\"pushed\" target=\"_self\" data-lb-index=\"1\"><div class=\"t-entry-visual-overlay\"><div class=\"t-entry-visual-overlay-in style-dark-bg\" style=\"opacity: 0.5;\"><\/div><\/div>\n\t\t\t\t\t\t\t\t\t<div class=\"t-overlay-wrap\">\n\t\t\t\t\t\t\t\t\t\t<div class=\"t-overlay-inner\">\n\t\t\t\t\t\t\t\t\t\t\t<div class=\"t-overlay-content\">\n\t\t\t\t\t\t\t\t\t\t\t\t<div class=\"t-overlay-text single-block-padding\"><div class=\"t-entry t-single-line\"><\/div><\/div><\/div><\/div><\/div><img loading=\"lazy\" decoding=\"async\" src=\"https:\/\/martinginer.com.ar\/wordpress\/wp-content\/uploads\/2019\/07\/Freak-Show-Carrillo-Alviso-paraguay-F-uai-600x400.jpg\" width=\"600\" height=\"400\" alt=\"\" \/><\/a><\/div>\n\t\t\t\t<\/div>\n\t\t\t<\/div><div class=\"t-entry-text\">\n\t\t\t\t\t\t\t<div class=\"t-entry-text-tc single-block-padding\"><div class=\"t-entry\"><h3 class=\"t-entry-title h3\"><a href=\"https:\/\/martinginer.com.ar\/en\/teatreros\/teatreros-freak-show\/\" target=\"_self\">Freak Show<\/a><\/h3><\/div><\/div>\n\t\t\t\t\t<\/div><\/div>\n\t\t\t\t\t<\/div><div class=\"tmb tmb-iso-w4 tmb-iso-h4 tmb-light tmb-overlay-text-anim tmb-overlay-anim tmb-content-left tmb-image-anim tmb-bordered  grid-cat-93 tmb-id-74502 tmb-img-ratio tmb-content-under tmb-media-first\">\n\t\t\t\t\t\t<div class=\"t-inside style-color-xsdn-bg\" ><div class=\"t-entry-visual\"><div class=\"t-entry-visual-tc\"><div class=\"t-entry-visual-cont\"><div class=\"dummy\" style=\"padding-top: 66.6%;\"><\/div><a tabindex=\"-1\" href=\"https:\/\/martinginer.com.ar\/en\/lo-que-dure-este-cafe\/\" class=\"pushed\" target=\"_self\" data-lb-index=\"2\"><div class=\"t-entry-visual-overlay\"><div class=\"t-entry-visual-overlay-in style-dark-bg\" style=\"opacity: 0.5;\"><\/div><\/div>\n\t\t\t\t\t\t\t\t\t<div class=\"t-overlay-wrap\">\n\t\t\t\t\t\t\t\t\t\t<div class=\"t-overlay-inner\">\n\t\t\t\t\t\t\t\t\t\t\t<div class=\"t-overlay-content\">\n\t\t\t\t\t\t\t\t\t\t\t\t<div class=\"t-overlay-text single-block-padding\"><div class=\"t-entry t-single-line\"><\/div><\/div><\/div><\/div><\/div><img loading=\"lazy\" decoding=\"async\" src=\"https:\/\/martinginer.com.ar\/wordpress\/wp-content\/uploads\/2019\/07\/cafe-1-uai-1000x666.jpg\" width=\"1000\" height=\"666\" alt=\"\" \/><\/a><\/div>\n\t\t\t\t<\/div>\n\t\t\t<\/div><div class=\"t-entry-text\">\n\t\t\t\t\t\t\t<div class=\"t-entry-text-tc single-block-padding\"><div class=\"t-entry\"><h3 class=\"t-entry-title h3\"><a href=\"https:\/\/martinginer.com.ar\/en\/lo-que-dure-este-cafe\/\" target=\"_self\">Lo que dure este caf\u00e9<\/a><\/h3><\/div><\/div>\n\t\t\t\t\t<\/div><\/div>\n\t\t\t\t\t<\/div><div class=\"tmb tmb-iso-w4 tmb-iso-h4 tmb-light tmb-overlay-text-anim tmb-overlay-anim tmb-content-left tmb-image-anim tmb-bordered  grid-cat-93 tmb-id-73829 tmb-img-ratio tmb-content-under tmb-media-first\">\n\t\t\t\t\t\t<div class=\"t-inside style-color-xsdn-bg\" ><div class=\"t-entry-visual\"><div class=\"t-entry-visual-tc\"><div class=\"t-entry-visual-cont\"><a tabindex=\"-1\" href=\"https:\/\/martinginer.com.ar\/en\/teatreros\/teatreros-terapia\/\" class=\"pushed\" target=\"_self\" data-lb-index=\"3\"><div class=\"t-entry-visual-overlay\"><div class=\"t-entry-visual-overlay-in style-dark-bg\" style=\"opacity: 0.5;\"><\/div><\/div>\n\t\t\t\t\t\t\t\t\t<div class=\"t-overlay-wrap\">\n\t\t\t\t\t\t\t\t\t\t<div class=\"t-overlay-inner\">\n\t\t\t\t\t\t\t\t\t\t\t<div class=\"t-overlay-content\">\n\t\t\t\t\t\t\t\t\t\t\t\t<div class=\"t-overlay-text single-block-padding\"><div class=\"t-entry t-single-line\"><\/div><\/div><\/div><\/div><\/div><img decoding=\"async\" src=\"\" width=\"\" height=\"\" alt=\"\" \/><\/a><\/div>\n\t\t\t\t<\/div>\n\t\t\t<\/div><div class=\"t-entry-text\">\n\t\t\t\t\t\t\t<div class=\"t-entry-text-tc single-block-padding\"><div class=\"t-entry\"><h3 class=\"t-entry-title h3\"><a href=\"https:\/\/martinginer.com.ar\/en\/teatreros\/teatreros-terapia\/\" target=\"_self\">Terapia<\/a><\/h3><\/div><\/div>\n\t\t\t\t\t<\/div><\/div>\n\t\t\t\t\t<\/div><div class=\"tmb tmb-iso-w4 tmb-iso-h4 tmb-light tmb-overlay-text-anim tmb-overlay-anim tmb-content-left tmb-image-anim tmb-bordered  grid-cat-93 tmb-id-73540 tmb-img-ratio tmb-content-under tmb-media-first\">\n\t\t\t\t\t\t<div class=\"t-inside style-color-xsdn-bg\" ><div class=\"t-entry-visual\"><div class=\"t-entry-visual-tc\"><div class=\"t-entry-visual-cont\"><div class=\"dummy\" style=\"padding-top: 66.7%;\"><\/div><a tabindex=\"-1\" href=\"https:\/\/martinginer.com.ar\/en\/teatreros\/75punialadas\/\" class=\"pushed\" target=\"_self\" data-lb-index=\"4\"><div class=\"t-entry-visual-overlay\"><div class=\"t-entry-visual-overlay-in style-dark-bg\" style=\"opacity: 0.5;\"><\/div><\/div>\n\t\t\t\t\t\t\t\t\t<div class=\"t-overlay-wrap\">\n\t\t\t\t\t\t\t\t\t\t<div class=\"t-overlay-inner\">\n\t\t\t\t\t\t\t\t\t\t\t<div class=\"t-overlay-content\">\n\t\t\t\t\t\t\t\t\t\t\t\t<div class=\"t-overlay-text single-block-padding\"><div class=\"t-entry t-single-line\"><\/div><\/div><\/div><\/div><\/div><img loading=\"lazy\" decoding=\"async\" src=\"https:\/\/martinginer.com.ar\/wordpress\/wp-content\/uploads\/2018\/09\/75-punialadas-Katharsis-ecuador-2015-A-uai-1200x800.jpg\" width=\"1200\" height=\"800\" alt=\"\" \/><\/a><\/div>\n\t\t\t\t<\/div>\n\t\t\t<\/div><div class=\"t-entry-text\">\n\t\t\t\t\t\t\t<div class=\"t-entry-text-tc single-block-padding\"><div class=\"t-entry\"><h3 class=\"t-entry-title h3\"><a href=\"https:\/\/martinginer.com.ar\/en\/teatreros\/75punialadas\/\" target=\"_self\">75 Pu\u00f1aladas<\/a><\/h3><\/div><\/div>\n\t\t\t\t\t<\/div><\/div>\n\t\t\t\t\t<\/div><div class=\"tmb tmb-iso-w4 tmb-iso-h4 tmb-light tmb-overlay-text-anim tmb-overlay-anim tmb-content-left tmb-image-anim tmb-bordered  grid-cat-93 tmb-id-74390 tmb-img-ratio tmb-content-under tmb-media-first\">\n\t\t\t\t\t\t<div class=\"t-inside style-color-xsdn-bg\" ><div class=\"t-entry-visual\"><div class=\"t-entry-visual-tc\"><div class=\"t-entry-visual-cont\"><a tabindex=\"-1\" href=\"https:\/\/martinginer.com.ar\/en\/teatreros\/mediopueblo\/\" class=\"pushed\" target=\"_self\" data-lb-index=\"5\"><div class=\"t-entry-visual-overlay\"><div class=\"t-entry-visual-overlay-in style-dark-bg\" style=\"opacity: 0.5;\"><\/div><\/div>\n\t\t\t\t\t\t\t\t\t<div class=\"t-overlay-wrap\">\n\t\t\t\t\t\t\t\t\t\t<div class=\"t-overlay-inner\">\n\t\t\t\t\t\t\t\t\t\t\t<div class=\"t-overlay-content\">\n\t\t\t\t\t\t\t\t\t\t\t\t<div class=\"t-overlay-text single-block-padding\"><div class=\"t-entry t-single-line\"><\/div><\/div><\/div><\/div><\/div><img decoding=\"async\" src=\"\" width=\"\" height=\"\" alt=\"\" \/><\/a><\/div>\n\t\t\t\t<\/div>\n\t\t\t<\/div><div class=\"t-entry-text\">\n\t\t\t\t\t\t\t<div class=\"t-entry-text-tc single-block-padding\"><div class=\"t-entry\"><h3 class=\"t-entry-title h3\"><a href=\"https:\/\/martinginer.com.ar\/en\/teatreros\/mediopueblo\/\" target=\"_self\">Mediopueblo<\/a><\/h3><\/div><\/div>\n\t\t\t\t\t<\/div><\/div>\n\t\t\t\t\t<\/div><div class=\"tmb tmb-iso-w4 tmb-iso-h4 tmb-light tmb-overlay-text-anim tmb-overlay-anim tmb-content-left tmb-image-anim tmb-bordered  grid-cat-93 tmb-id-73845 tmb-img-ratio tmb-content-under tmb-media-first\">\n\t\t\t\t\t\t<div class=\"t-inside style-color-xsdn-bg\" ><div class=\"t-entry-visual\"><div class=\"t-entry-visual-tc\"><div class=\"t-entry-visual-cont\"><div class=\"dummy\" style=\"padding-top: 66.7%;\"><\/div><a tabindex=\"-1\" href=\"https:\/\/martinginer.com.ar\/en\/teatreros\/teatreros-los-autoiluminados\/\" class=\"pushed\" target=\"_self\" data-lb-index=\"6\"><div class=\"t-entry-visual-overlay\"><div class=\"t-entry-visual-overlay-in style-dark-bg\" style=\"opacity: 0.5;\"><\/div><\/div>\n\t\t\t\t\t\t\t\t\t<div class=\"t-overlay-wrap\">\n\t\t\t\t\t\t\t\t\t\t<div class=\"t-overlay-inner\">\n\t\t\t\t\t\t\t\t\t\t\t<div class=\"t-overlay-content\">\n\t\t\t\t\t\t\t\t\t\t\t\t<div class=\"t-overlay-text single-block-padding\"><div class=\"t-entry t-single-line\"><\/div><\/div><\/div><\/div><\/div><img loading=\"lazy\" decoding=\"async\" src=\"https:\/\/martinginer.com.ar\/wordpress\/wp-content\/uploads\/2018\/09\/autoiluminados-al-lado-formosa-B2-uai-720x480.jpg\" width=\"720\" height=\"480\" alt=\"\" \/><\/a><\/div>\n\t\t\t\t<\/div>\n\t\t\t<\/div><div class=\"t-entry-text\">\n\t\t\t\t\t\t\t<div class=\"t-entry-text-tc single-block-padding\"><div class=\"t-entry\"><h3 class=\"t-entry-title h3\"><a href=\"https:\/\/martinginer.com.ar\/en\/teatreros\/teatreros-los-autoiluminados\/\" target=\"_self\">Los autoiluminados<\/a><\/h3><\/div><\/div>\n\t\t\t\t\t<\/div><\/div>\n\t\t\t\t\t<\/div><div class=\"tmb tmb-iso-w4 tmb-iso-h4 tmb-light tmb-overlay-text-anim tmb-overlay-anim tmb-content-left tmb-image-anim tmb-bordered  grid-cat-93 tmb-id-73836 tmb-img-ratio tmb-content-under tmb-media-first\">\n\t\t\t\t\t\t<div class=\"t-inside style-color-xsdn-bg\" ><div class=\"t-entry-visual\"><div class=\"t-entry-visual-tc\"><div class=\"t-entry-visual-cont\"><div class=\"dummy\" style=\"padding-top: 66.7%;\"><\/div><a tabindex=\"-1\" href=\"https:\/\/martinginer.com.ar\/en\/teatreros\/teatreros-diseccion\/\" class=\"pushed\" target=\"_self\" data-lb-index=\"7\"><div class=\"t-entry-visual-overlay\"><div class=\"t-entry-visual-overlay-in style-dark-bg\" style=\"opacity: 0.5;\"><\/div><\/div>\n\t\t\t\t\t\t\t\t\t<div class=\"t-overlay-wrap\">\n\t\t\t\t\t\t\t\t\t\t<div class=\"t-overlay-inner\">\n\t\t\t\t\t\t\t\t\t\t\t<div class=\"t-overlay-content\">\n\t\t\t\t\t\t\t\t\t\t\t\t<div class=\"t-overlay-text single-block-padding\"><div class=\"t-entry t-single-line\"><\/div><\/div><\/div><\/div><\/div><img loading=\"lazy\" decoding=\"async\" src=\"https:\/\/martinginer.com.ar\/wordpress\/wp-content\/uploads\/2018\/09\/diseccion-secta-minuscula-2018-A-uai-1620x1080.jpg\" width=\"1620\" height=\"1080\" alt=\"\" \/><\/a><\/div>\n\t\t\t\t<\/div>\n\t\t\t<\/div><div class=\"t-entry-text\">\n\t\t\t\t\t\t\t<div class=\"t-entry-text-tc single-block-padding\"><div class=\"t-entry\"><h3 class=\"t-entry-title h3\"><a href=\"https:\/\/martinginer.com.ar\/en\/teatreros\/teatreros-diseccion\/\" target=\"_self\">Disecci\u00f3n<\/a><\/h3><\/div><\/div>\n\t\t\t\t\t<\/div><\/div>\n\t\t\t\t\t<\/div>      <\/div>\n\n    <\/div>\n    <\/div>\n<\/div><\/div><\/div><\/div><\/div><script id=\"script-131484\" data-row=\"script-131484\" type=\"text\/javascript\">if ( typeof UNCODE !== \"undefined\" ) UNCODE.initRow(document.getElementById(\"script-131484\"));<\/script><\/div><\/div><\/div>","protected":false},"excerpt":{"rendered":"Metateatro | M\u00e9xico La Secta Min\u00fascula de los Viajeros Frecuentes | M\u00e9xico if ( typeof UNCODE !== \"undefined\" ) UNCODE.initRow(document.getElementById(\"script-108729\"));","protected":false},"author":1,"featured_media":0,"parent":0,"menu_order":0,"comment_status":"closed","ping_status":"closed","template":"","meta":{"footnotes":""},"_links":{"self":[{"href":"https:\/\/martinginer.com.ar\/en\/wp-json\/wp\/v2\/pages\/73852"}],"collection":[{"href":"https:\/\/martinginer.com.ar\/en\/wp-json\/wp\/v2\/pages"}],"about":[{"href":"https:\/\/martinginer.com.ar\/en\/wp-json\/wp\/v2\/types\/page"}],"author":[{"embeddable":true,"href":"https:\/\/martinginer.com.ar\/en\/wp-json\/wp\/v2\/users\/1"}],"replies":[{"embeddable":true,"href":"https:\/\/martinginer.com.ar\/en\/wp-json\/wp\/v2\/comments?post=73852"}],"version-history":[{"count":7,"href":"https:\/\/martinginer.com.ar\/en\/wp-json\/wp\/v2\/pages\/73852\/revisions"}],"predecessor-version":[{"id":74401,"href":"https:\/\/martinginer.com.ar\/en\/wp-json\/wp\/v2\/pages\/73852\/revisions\/74401"}],"wp:attachment":[{"href":"https:\/\/martinginer.com.ar\/en\/wp-json\/wp\/v2\/media?parent=73852"}],"curies":[{"name":"wp","href":"https:\/\/api.w.org\/{rel}","templated":true}]}}