{"id":73869,"date":"2018-09-17T15:48:12","date_gmt":"2018-09-17T18:48:12","guid":{"rendered":"http:\/\/martinginer.com.ar\/wordpress\/?page_id=73869"},"modified":"2018-09-17T15:48:12","modified_gmt":"2018-09-17T18:48:12","slug":"martin-giner","status":"publish","type":"page","link":"https:\/\/martinginer.com.ar\/en\/martin-giner\/","title":{"rendered":"Mart\u00edn Giner"},"content":{"rendered":"<div data-parent=\"true\" class=\"vc_row row-container\"><div class=\"row limit-width row-parent\"><div class=\"row-inner\"><div class=\"pos-top pos-center align_left column_parent col-lg-12 single-internal-gutter\"><div class=\"uncol style-dark\"  ><div class=\"uncoltable\"><div class=\"uncell no-block-padding\"><div class=\"uncont\"><div class=\"uncode_text_column\" ><p>Director teatral y dramaturgo argentino con mas de veinte obras estrenadas, adem\u00e1s de varios guiones televisivos y publicidades. Sus textos se han traducido al Ingl\u00e9s, italiano y portugu\u00e9s; tambi\u00e9n ha sido representado en casi la totalidad de america latina, Espa\u00f1a, Estados Unidos e Italia.<\/p>\n<p>As an educator, he has taught seminars, talks, and workshops on playwriting and directing at various universities and theater festivals.<br \/>\nHis writing centers around comedy, though depending on the piece, it may lean toward the absurd, the dramatic, or the surreal. What unites all his work is a dynamic narrative style that invites the audience to play along with their imagination.<\/p>\n<p>Actualmente Giner se encuentra avocado a su trabajo como director y dramaturgo de su grupo \u00abCalavera Teatro\u00bb en Argentina, y en los meses de residencia en Espa\u00f1a se ocupa en la docencia y el montaje de sus textos con elencos locales.<\/p>\n<\/div><\/div><\/div><\/div><\/div><\/div><script id=\"script-907274\" data-row=\"script-907274\" type=\"text\/javascript\">if ( typeof UNCODE !== \"undefined\" ) UNCODE.initRow(document.getElementById(\"script-907274\"));<\/script><\/div><\/div><\/div>","protected":false},"excerpt":{"rendered":"Director teatral y dramaturgo argentino con mas de veinte obras estrenadas, adem\u00e1s de varios guiones televisivos y publicidades. Sus textos [...]","protected":false},"author":1,"featured_media":73695,"parent":0,"menu_order":0,"comment_status":"closed","ping_status":"closed","template":"","meta":{"footnotes":""},"_links":{"self":[{"href":"https:\/\/martinginer.com.ar\/en\/wp-json\/wp\/v2\/pages\/73869"}],"collection":[{"href":"https:\/\/martinginer.com.ar\/en\/wp-json\/wp\/v2\/pages"}],"about":[{"href":"https:\/\/martinginer.com.ar\/en\/wp-json\/wp\/v2\/types\/page"}],"author":[{"embeddable":true,"href":"https:\/\/martinginer.com.ar\/en\/wp-json\/wp\/v2\/users\/1"}],"replies":[{"embeddable":true,"href":"https:\/\/martinginer.com.ar\/en\/wp-json\/wp\/v2\/comments?post=73869"}],"version-history":[{"count":1,"href":"https:\/\/martinginer.com.ar\/en\/wp-json\/wp\/v2\/pages\/73869\/revisions"}],"predecessor-version":[{"id":73870,"href":"https:\/\/martinginer.com.ar\/en\/wp-json\/wp\/v2\/pages\/73869\/revisions\/73870"}],"wp:featuredmedia":[{"embeddable":true,"href":"https:\/\/martinginer.com.ar\/en\/wp-json\/wp\/v2\/media\/73695"}],"wp:attachment":[{"href":"https:\/\/martinginer.com.ar\/en\/wp-json\/wp\/v2\/media?parent=73869"}],"curies":[{"name":"wp","href":"https:\/\/api.w.org\/{rel}","templated":true}]}}