{"id":73928,"date":"2018-09-22T18:10:48","date_gmt":"2018-09-22T21:10:48","guid":{"rendered":"http:\/\/martinginer.com.ar\/wordpress\/?page_id=73928"},"modified":"2025-06-09T15:49:22","modified_gmt":"2025-06-09T18:49:22","slug":"novedades","status":"publish","type":"page","link":"https:\/\/martinginer.com.ar\/en\/novedades\/","title":{"rendered":"What\u2019s New"},"content":{"rendered":"<div data-parent=\"true\" class=\"vc_row row-container\"><div class=\"row limit-width row-parent\"><div class=\"row-inner\"><div class=\"pos-top pos-center align_left column_parent col-lg-12 single-internal-gutter\"><div class=\"uncol style-dark\"  ><div class=\"uncoltable\"><div class=\"uncell no-block-padding\"><div class=\"uncont\"><div id=\"index-184147\" class=\"isotope-system isotope-general-dark\">\n                    <div class=\"isotope-wrapper single-gutter isotope-inner-padding\">\n      <div class=\"isotope-container isotope-layout style-metro isotope-infinite\" data-type=\"metro\" data-layout=\"masonry\" data-lg=\"1000\" data-md=\"600\" data-sm=\"480\" data-vp-height=\"\">\n        <div class=\"tmb tmb-iso-w12 tmb-iso-h3 tmb-dark tmb-content-lateral-left tmb-content-vertical-middle tmb-content-size-5 tmb-content-lateral-responsive tmb-content-left tmb-content-mobile-center tmb-image-anim tmb-bordered  grid-cat-95 grid-cat-125 tmb-id-75373 tmb-content-lateral\">\n\t\t\t\t\t\t<div class=\"t-inside style-color-jevc-bg animate_when_almost_visible bottom-t-top\" data-delay=\"200\"><div class=\"t-entry-visual\"><div class=\"t-entry-visual-tc\"><div class=\"t-entry-visual-cont\"><a tabindex=\"-1\" href=\"https:\/\/martinginer.com.ar\/en\/2020\/09\/11\/taller-de-creacion-de-personajes\/\" target=\"_self\" data-lb-index=\"0\"><div class=\"t-entry-visual-overlay\"><div class=\"t-entry-visual-overlay-in style-light-bg\" style=\"opacity: 0.5;\"><\/div><\/div>\n\t\t\t\t\t\t\t\t\t<div class=\"t-overlay-wrap\">\n\t\t\t\t\t\t\t\t\t\t<div class=\"t-overlay-inner\">\n\t\t\t\t\t\t\t\t\t\t\t<div class=\"t-overlay-content\">\n\t\t\t\t\t\t\t\t\t\t\t\t<div class=\"t-overlay-text double-block-padding\"><div class=\"t-entry t-single-line\"><\/div><\/div><\/div><\/div><\/div><div class=\"t-background-cover\" style=\"background-image:url('')\"><\/div><\/a><\/div>\n\t\t\t\t<\/div>\n\t\t\t<\/div><div class=\"t-entry-text\">\n\t\t\t\t\t\t\t<div class=\"t-entry-text-tc double-block-padding\"><div class=\"t-entry\"><h3 class=\"t-entry-title h2 fontspace-781688\"><a href=\"https:\/\/martinginer.com.ar\/en\/2020\/09\/11\/taller-de-creacion-de-personajes\/\" target=\"_self\">TALLER DE CREACI\u00d3N DE PERSONAJES<\/a><\/h3><p class=\"t-entry-readmore\"><a href=\"https:\/\/martinginer.com.ar\/en\/2020\/09\/11\/taller-de-creacion-de-personajes\/\" class=\"btn btn-link\" target=\"_self\">Read More <\/a><\/p><\/div><\/div>\n\t\t\t\t\t<\/div><\/div>\n\t\t\t\t\t<\/div><div class=\"tmb tmb-format-video tmb-iso-w12 tmb-iso-h3 tmb-dark tmb-content-lateral-left tmb-content-vertical-middle tmb-content-size-5 tmb-content-lateral-responsive tmb-content-left tmb-content-mobile-center tmb-image-anim tmb-bordered  grid-cat-95 grid-cat-125 tmb-id-75271 tmb-content-lateral\">\n\t\t\t\t\t\t<div class=\"t-inside style-color-jevc-bg animate_when_almost_visible bottom-t-top\" data-delay=\"200\"><div class=\"t-entry-visual\"><div class=\"t-entry-visual-tc\"><div class=\"t-entry-visual-cont\"><a tabindex=\"-1\" href=\"https:\/\/martinginer.com.ar\/en\/2020\/08\/03\/taller-de-estructuras-bases-para-la-creacion-de-obras-de-teatro\/\" target=\"_self\" data-lb-index=\"1\"><div class=\"t-entry-visual-overlay\"><div class=\"t-entry-visual-overlay-in style-light-bg\" style=\"opacity: 0.5;\"><\/div><\/div>\n\t\t\t\t\t\t\t\t\t<div class=\"t-overlay-wrap\">\n\t\t\t\t\t\t\t\t\t\t<div class=\"t-overlay-inner\">\n\t\t\t\t\t\t\t\t\t\t\t<div class=\"t-overlay-content\">\n\t\t\t\t\t\t\t\t\t\t\t\t<div class=\"t-overlay-text double-block-padding\"><div class=\"t-entry t-single-line\"><\/div><\/div><\/div><\/div><\/div><div class=\"t-background-cover\" style=\"background-image:url('')\"><\/div><\/a><\/div>\n\t\t\t\t<\/div>\n\t\t\t<\/div><div class=\"t-entry-text\">\n\t\t\t\t\t\t\t<div class=\"t-entry-text-tc double-block-padding\"><div class=\"t-entry\"><h3 class=\"t-entry-title h2 fontspace-781688\"><a href=\"https:\/\/martinginer.com.ar\/en\/2020\/08\/03\/taller-de-estructuras-bases-para-la-creacion-de-obras-de-teatro\/\" target=\"_self\">ESTRUCTURAS PARA LA CREACI\u00d3N DE OBRAS DE TEATRO<\/a><\/h3><p class=\"t-entry-readmore\"><a href=\"https:\/\/martinginer.com.ar\/en\/2020\/08\/03\/taller-de-estructuras-bases-para-la-creacion-de-obras-de-teatro\/\" class=\"btn btn-link\" target=\"_self\">Read More <\/a><\/p><\/div><\/div>\n\t\t\t\t\t<\/div><\/div>\n\t\t\t\t\t<\/div><div class=\"tmb tmb-iso-w12 tmb-iso-h3 tmb-dark tmb-content-lateral-left tmb-content-vertical-middle tmb-content-size-5 tmb-content-lateral-responsive tmb-content-left tmb-content-mobile-center tmb-image-anim tmb-bordered  grid-cat-95 tmb-id-75072 tmb-content-lateral\">\n\t\t\t\t\t\t<div class=\"t-inside style-color-jevc-bg animate_when_almost_visible bottom-t-top\" data-delay=\"200\"><div class=\"t-entry-visual\"><div class=\"t-entry-visual-tc\"><div class=\"t-entry-visual-cont\"><a tabindex=\"-1\" href=\"https:\/\/martinginer.com.ar\/en\/2020\/07\/03\/taller-de-escritura-del-humor-nueva-fecha\/\" target=\"_self\" data-lb-index=\"2\"><div class=\"t-entry-visual-overlay\"><div class=\"t-entry-visual-overlay-in style-light-bg\" style=\"opacity: 0.5;\"><\/div><\/div>\n\t\t\t\t\t\t\t\t\t<div class=\"t-overlay-wrap\">\n\t\t\t\t\t\t\t\t\t\t<div class=\"t-overlay-inner\">\n\t\t\t\t\t\t\t\t\t\t\t<div class=\"t-overlay-content\">\n\t\t\t\t\t\t\t\t\t\t\t\t<div class=\"t-overlay-text double-block-padding\"><div class=\"t-entry t-single-line\"><\/div><\/div><\/div><\/div><\/div><div class=\"t-background-cover\" style=\"background-image:url('')\"><\/div><\/a><\/div>\n\t\t\t\t<\/div>\n\t\t\t<\/div><div class=\"t-entry-text\">\n\t\t\t\t\t\t\t<div class=\"t-entry-text-tc double-block-padding\"><div class=\"t-entry\"><h3 class=\"t-entry-title h2 fontspace-781688\"><a href=\"https:\/\/martinginer.com.ar\/en\/2020\/07\/03\/taller-de-escritura-del-humor-nueva-fecha\/\" target=\"_self\">Taller de escritura del humor.<\/a><\/h3><p class=\"t-entry-readmore\"><a href=\"https:\/\/martinginer.com.ar\/en\/2020\/07\/03\/taller-de-escritura-del-humor-nueva-fecha\/\" class=\"btn btn-link\" target=\"_self\">Read More <\/a><\/p><\/div><\/div>\n\t\t\t\t\t<\/div><\/div>\n\t\t\t\t\t<\/div><div class=\"tmb tmb-iso-w12 tmb-iso-h3 tmb-dark tmb-content-lateral-left tmb-content-vertical-middle tmb-content-size-5 tmb-content-lateral-responsive tmb-content-left tmb-content-mobile-center tmb-image-anim tmb-bordered  grid-cat-95 tmb-id-75030 tmb-content-lateral\">\n\t\t\t\t\t\t<div class=\"t-inside style-color-jevc-bg animate_when_almost_visible bottom-t-top\" data-delay=\"200\"><div class=\"t-entry-visual\"><div class=\"t-entry-visual-tc\"><div class=\"t-entry-visual-cont\"><a tabindex=\"-1\" href=\"https:\/\/martinginer.com.ar\/en\/2020\/06\/23\/taller-de-escritura-del-humor\/\" target=\"_self\" data-lb-index=\"3\"><div class=\"t-entry-visual-overlay\"><div class=\"t-entry-visual-overlay-in style-light-bg\" style=\"opacity: 0.5;\"><\/div><\/div>\n\t\t\t\t\t\t\t\t\t<div class=\"t-overlay-wrap\">\n\t\t\t\t\t\t\t\t\t\t<div class=\"t-overlay-inner\">\n\t\t\t\t\t\t\t\t\t\t\t<div class=\"t-overlay-content\">\n\t\t\t\t\t\t\t\t\t\t\t\t<div class=\"t-overlay-text double-block-padding\"><div class=\"t-entry t-single-line\"><\/div><\/div><\/div><\/div><\/div><div class=\"t-background-cover\" style=\"background-image:url('')\"><\/div><\/a><\/div>\n\t\t\t\t<\/div>\n\t\t\t<\/div><div class=\"t-entry-text\">\n\t\t\t\t\t\t\t<div class=\"t-entry-text-tc double-block-padding\"><div class=\"t-entry\"><h3 class=\"t-entry-title h2 fontspace-781688\"><a href=\"https:\/\/martinginer.com.ar\/en\/2020\/06\/23\/taller-de-escritura-del-humor\/\" target=\"_self\">Taller de escritura del humor<\/a><\/h3><p class=\"t-entry-readmore\"><a href=\"https:\/\/martinginer.com.ar\/en\/2020\/06\/23\/taller-de-escritura-del-humor\/\" class=\"btn btn-link\" target=\"_self\">Read More <\/a><\/p><\/div><\/div>\n\t\t\t\t\t<\/div><\/div>\n\t\t\t\t\t<\/div><div class=\"tmb tmb-iso-w12 tmb-iso-h3 tmb-dark tmb-content-lateral-left tmb-content-vertical-middle tmb-content-size-5 tmb-content-lateral-responsive tmb-content-left tmb-content-mobile-center tmb-image-anim tmb-bordered  grid-cat-95 tmb-id-74687 tmb-content-lateral\">\n\t\t\t\t\t\t<div class=\"t-inside style-color-jevc-bg animate_when_almost_visible bottom-t-top\" data-delay=\"200\"><div class=\"t-entry-visual\"><div class=\"t-entry-visual-tc\"><div class=\"t-entry-visual-cont\"><a tabindex=\"-1\" href=\"https:\/\/martinginer.com.ar\/en\/2020\/03\/12\/lo-que-dure-este-cafe-premiada-en-espana\/\" target=\"_self\" data-lb-index=\"4\"><div class=\"t-entry-visual-overlay\"><div class=\"t-entry-visual-overlay-in style-light-bg\" style=\"opacity: 0.5;\"><\/div><\/div>\n\t\t\t\t\t\t\t\t\t<div class=\"t-overlay-wrap\">\n\t\t\t\t\t\t\t\t\t\t<div class=\"t-overlay-inner\">\n\t\t\t\t\t\t\t\t\t\t\t<div class=\"t-overlay-content\">\n\t\t\t\t\t\t\t\t\t\t\t\t<div class=\"t-overlay-text double-block-padding\"><div class=\"t-entry t-single-line\"><\/div><\/div><\/div><\/div><\/div><div class=\"t-background-cover\" style=\"background-image:url('')\"><\/div><\/a><\/div>\n\t\t\t\t<\/div>\n\t\t\t<\/div><div class=\"t-entry-text\">\n\t\t\t\t\t\t\t<div class=\"t-entry-text-tc double-block-padding\"><div class=\"t-entry\"><h3 class=\"t-entry-title h2 fontspace-781688\"><a href=\"https:\/\/martinginer.com.ar\/en\/2020\/03\/12\/lo-que-dure-este-cafe-premiada-en-espana\/\" target=\"_self\">While This Coffee Lasts. Award-Winning Play in Spain<\/a><\/h3><p class=\"t-entry-readmore\"><a href=\"https:\/\/martinginer.com.ar\/en\/2020\/03\/12\/lo-que-dure-este-cafe-premiada-en-espana\/\" class=\"btn btn-link\" target=\"_self\">Read More <\/a><\/p><\/div><\/div>\n\t\t\t\t\t<\/div><\/div>\n\t\t\t\t\t<\/div><div class=\"tmb tmb-iso-w12 tmb-iso-h3 tmb-dark tmb-content-lateral-left tmb-content-vertical-middle tmb-content-size-5 tmb-content-lateral-responsive tmb-content-left tmb-content-mobile-center tmb-image-anim tmb-bordered  grid-cat-95 tmb-id-74658 tmb-content-lateral\">\n\t\t\t\t\t\t<div class=\"t-inside style-color-jevc-bg animate_when_almost_visible bottom-t-top\" data-delay=\"200\"><div class=\"t-entry-visual\"><div class=\"t-entry-visual-tc\"><div class=\"t-entry-visual-cont\"><a tabindex=\"-1\" href=\"https:\/\/martinginer.com.ar\/en\/2020\/01\/20\/premios-del-publico-a-lo-mejor-del-teatro-en-mexico\/\" target=\"_self\" data-lb-index=\"5\"><div class=\"t-entry-visual-overlay\"><div class=\"t-entry-visual-overlay-in style-light-bg\" style=\"opacity: 0.5;\"><\/div><\/div>\n\t\t\t\t\t\t\t\t\t<div class=\"t-overlay-wrap\">\n\t\t\t\t\t\t\t\t\t\t<div class=\"t-overlay-inner\">\n\t\t\t\t\t\t\t\t\t\t\t<div class=\"t-overlay-content\">\n\t\t\t\t\t\t\t\t\t\t\t\t<div class=\"t-overlay-text double-block-padding\"><div class=\"t-entry t-single-line\"><\/div><\/div><\/div><\/div><\/div><div class=\"t-background-cover\" style=\"background-image:url('')\"><\/div><\/a><\/div>\n\t\t\t\t<\/div>\n\t\t\t<\/div><div class=\"t-entry-text\">\n\t\t\t\t\t\t\t<div class=\"t-entry-text-tc double-block-padding\"><div class=\"t-entry\"><h3 class=\"t-entry-title h2 fontspace-781688\"><a href=\"https:\/\/martinginer.com.ar\/en\/2020\/01\/20\/premios-del-publico-a-lo-mejor-del-teatro-en-mexico\/\" target=\"_self\">Audience Awards for the Best in Theater in Mexico<\/a><\/h3><p class=\"t-entry-readmore\"><a href=\"https:\/\/martinginer.com.ar\/en\/2020\/01\/20\/premios-del-publico-a-lo-mejor-del-teatro-en-mexico\/\" class=\"btn btn-link\" target=\"_self\">Read More <\/a><\/p><\/div><\/div>\n\t\t\t\t\t<\/div><\/div>\n\t\t\t\t\t<\/div><div class=\"tmb tmb-iso-w12 tmb-iso-h3 tmb-dark tmb-content-lateral-left tmb-content-vertical-middle tmb-content-size-5 tmb-content-lateral-responsive tmb-content-left tmb-content-mobile-center tmb-image-anim tmb-bordered  grid-cat-95 tmb-id-74584 tmb-content-lateral\">\n\t\t\t\t\t\t<div class=\"t-inside style-color-jevc-bg animate_when_almost_visible bottom-t-top\" data-delay=\"200\"><div class=\"t-entry-visual\"><div class=\"t-entry-visual-tc\"><div class=\"t-entry-visual-cont\"><a tabindex=\"-1\" href=\"https:\/\/martinginer.com.ar\/en\/2019\/08\/28\/premio-a-la-mejor-dramaturgia\/\" target=\"_self\" data-lb-index=\"6\"><div class=\"t-entry-visual-overlay\"><div class=\"t-entry-visual-overlay-in style-light-bg\" style=\"opacity: 0.5;\"><\/div><\/div>\n\t\t\t\t\t\t\t\t\t<div class=\"t-overlay-wrap\">\n\t\t\t\t\t\t\t\t\t\t<div class=\"t-overlay-inner\">\n\t\t\t\t\t\t\t\t\t\t\t<div class=\"t-overlay-content\">\n\t\t\t\t\t\t\t\t\t\t\t\t<div class=\"t-overlay-text double-block-padding\"><div class=\"t-entry t-single-line\"><\/div><\/div><\/div><\/div><\/div><div class=\"t-background-cover\" style=\"background-image:url('')\"><\/div><\/a><\/div>\n\t\t\t\t<\/div>\n\t\t\t<\/div><div class=\"t-entry-text\">\n\t\t\t\t\t\t\t<div class=\"t-entry-text-tc double-block-padding\"><div class=\"t-entry\"><h3 class=\"t-entry-title h2 fontspace-781688\"><a href=\"https:\/\/martinginer.com.ar\/en\/2019\/08\/28\/premio-a-la-mejor-dramaturgia\/\" target=\"_self\">Best Playwriting Award<\/a><\/h3><p class=\"t-entry-readmore\"><a href=\"https:\/\/martinginer.com.ar\/en\/2019\/08\/28\/premio-a-la-mejor-dramaturgia\/\" class=\"btn btn-link\" target=\"_self\">Read More <\/a><\/p><\/div><\/div>\n\t\t\t\t\t<\/div><\/div>\n\t\t\t\t\t<\/div><div class=\"tmb tmb-iso-w12 tmb-iso-h3 tmb-dark tmb-content-lateral-left tmb-content-vertical-middle tmb-content-size-5 tmb-content-lateral-responsive tmb-content-left tmb-content-mobile-center tmb-image-anim tmb-bordered  grid-cat-95 tmb-id-74579 tmb-content-lateral\">\n\t\t\t\t\t\t<div class=\"t-inside style-color-jevc-bg animate_when_almost_visible bottom-t-top\" data-delay=\"200\"><div class=\"t-entry-visual\"><div class=\"t-entry-visual-tc\"><div class=\"t-entry-visual-cont\"><a tabindex=\"-1\" href=\"https:\/\/martinginer.com.ar\/en\/2019\/08\/28\/las-bananas-se-van-para-cartagena\/\" target=\"_self\" data-lb-index=\"7\"><div class=\"t-entry-visual-overlay\"><div class=\"t-entry-visual-overlay-in style-light-bg\" style=\"opacity: 0.5;\"><\/div><\/div>\n\t\t\t\t\t\t\t\t\t<div class=\"t-overlay-wrap\">\n\t\t\t\t\t\t\t\t\t\t<div class=\"t-overlay-inner\">\n\t\t\t\t\t\t\t\t\t\t\t<div class=\"t-overlay-content\">\n\t\t\t\t\t\t\t\t\t\t\t\t<div class=\"t-overlay-text double-block-padding\"><div class=\"t-entry t-single-line\"><\/div><\/div><\/div><\/div><\/div><div class=\"t-background-cover\" style=\"background-image:url('')\"><\/div><\/a><\/div>\n\t\t\t\t<\/div>\n\t\t\t<\/div><div class=\"t-entry-text\">\n\t\t\t\t\t\t\t<div class=\"t-entry-text-tc double-block-padding\"><div class=\"t-entry\"><h3 class=\"t-entry-title h2 fontspace-781688\"><a href=\"https:\/\/martinginer.com.ar\/en\/2019\/08\/28\/las-bananas-se-van-para-cartagena\/\" target=\"_self\">Las bananas se van para Cartagena y Madrid<\/a><\/h3><p class=\"t-entry-readmore\"><a href=\"https:\/\/martinginer.com.ar\/en\/2019\/08\/28\/las-bananas-se-van-para-cartagena\/\" class=\"btn btn-link\" target=\"_self\">Read More <\/a><\/p><\/div><\/div>\n\t\t\t\t\t<\/div><\/div>\n\t\t\t\t\t<\/div><div class=\"tmb tmb-iso-w12 tmb-iso-h3 tmb-dark tmb-content-lateral-left tmb-content-vertical-middle tmb-content-size-5 tmb-content-lateral-responsive tmb-content-left tmb-content-mobile-center tmb-image-anim tmb-bordered  grid-cat-95 tmb-id-74571 tmb-content-lateral\">\n\t\t\t\t\t\t<div class=\"t-inside style-color-jevc-bg animate_when_almost_visible bottom-t-top\" data-delay=\"200\"><div class=\"t-entry-visual\"><div class=\"t-entry-visual-tc\"><div class=\"t-entry-visual-cont\"><a tabindex=\"-1\" href=\"https:\/\/martinginer.com.ar\/en\/2019\/08\/28\/el-dilema-de-las-bananas-de-gira-a-espana\/\" target=\"_self\" data-lb-index=\"8\"><div class=\"t-entry-visual-overlay\"><div class=\"t-entry-visual-overlay-in style-light-bg\" style=\"opacity: 0.5;\"><\/div><\/div>\n\t\t\t\t\t\t\t\t\t<div class=\"t-overlay-wrap\">\n\t\t\t\t\t\t\t\t\t\t<div class=\"t-overlay-inner\">\n\t\t\t\t\t\t\t\t\t\t\t<div class=\"t-overlay-content\">\n\t\t\t\t\t\t\t\t\t\t\t\t<div class=\"t-overlay-text double-block-padding\"><div class=\"t-entry t-single-line\"><\/div><\/div><\/div><\/div><\/div><div class=\"t-background-cover\" style=\"background-image:url('')\"><\/div><\/a><\/div>\n\t\t\t\t<\/div>\n\t\t\t<\/div><div class=\"t-entry-text\">\n\t\t\t\t\t\t\t<div class=\"t-entry-text-tc double-block-padding\"><div class=\"t-entry\"><h3 class=\"t-entry-title h2 fontspace-781688\"><a href=\"https:\/\/martinginer.com.ar\/en\/2019\/08\/28\/el-dilema-de-las-bananas-de-gira-a-espana\/\" target=\"_self\">\u00a1El dilema de las bananas de gira a Espa\u00f1a!<\/a><\/h3><p class=\"t-entry-readmore\"><a href=\"https:\/\/martinginer.com.ar\/en\/2019\/08\/28\/el-dilema-de-las-bananas-de-gira-a-espana\/\" class=\"btn btn-link\" target=\"_self\">Read More <\/a><\/p><\/div><\/div>\n\t\t\t\t\t<\/div><\/div>\n\t\t\t\t\t<\/div><div class=\"tmb tmb-iso-w12 tmb-iso-h3 tmb-dark tmb-content-lateral-left tmb-content-vertical-middle tmb-content-size-5 tmb-content-lateral-responsive tmb-content-left tmb-content-mobile-center tmb-image-anim tmb-bordered  grid-cat-95 tmb-id-74543 tmb-content-lateral\">\n\t\t\t\t\t\t<div class=\"t-inside style-color-jevc-bg animate_when_almost_visible bottom-t-top\" data-delay=\"200\"><div class=\"t-entry-visual\"><div class=\"t-entry-visual-tc\"><div class=\"t-entry-visual-cont\"><a tabindex=\"-1\" href=\"https:\/\/martinginer.com.ar\/en\/2019\/08\/28\/mediopueblo-en-barcelona\/\" target=\"_self\" data-lb-index=\"9\"><div class=\"t-entry-visual-overlay\"><div class=\"t-entry-visual-overlay-in style-light-bg\" style=\"opacity: 0.5;\"><\/div><\/div>\n\t\t\t\t\t\t\t\t\t<div class=\"t-overlay-wrap\">\n\t\t\t\t\t\t\t\t\t\t<div class=\"t-overlay-inner\">\n\t\t\t\t\t\t\t\t\t\t\t<div class=\"t-overlay-content\">\n\t\t\t\t\t\t\t\t\t\t\t\t<div class=\"t-overlay-text double-block-padding\"><div class=\"t-entry t-single-line\"><\/div><\/div><\/div><\/div><\/div><div class=\"t-background-cover\" style=\"background-image:url('')\"><\/div><\/a><\/div>\n\t\t\t\t<\/div>\n\t\t\t<\/div><div class=\"t-entry-text\">\n\t\t\t\t\t\t\t<div class=\"t-entry-text-tc double-block-padding\"><div class=\"t-entry\"><h3 class=\"t-entry-title h2 fontspace-781688\"><a href=\"https:\/\/martinginer.com.ar\/en\/2019\/08\/28\/mediopueblo-en-barcelona\/\" target=\"_self\">Half-Town in Barcelona<\/a><\/h3><p class=\"t-entry-readmore\"><a href=\"https:\/\/martinginer.com.ar\/en\/2019\/08\/28\/mediopueblo-en-barcelona\/\" class=\"btn btn-link\" target=\"_self\">Read More <\/a><\/p><\/div><\/div>\n\t\t\t\t\t<\/div><\/div>\n\t\t\t\t\t<\/div>      <\/div>\n\n    <\/div>\n        <div class=\"isotope-footer style-light single-gutter\">\n        <div class=\"isotope-footer-inner menu-light text-center\">\n                        <nav class=\"loadmore-button\" style=\"display: none;\">\n              <a data-page=\"2\" data-pages=\"2\" href=\"https:\/\/martinginer.com.ar\/en\/wp-json\/wp\/v2\/pages\/73928\/?upage=2\" class=\"btn btn-default\" data-label=\"Loading\u2026\"><div class=\"icon-container\"><i class=\"fa fa-refresh2 fa-lg fa-spin\"><\/i><\/div><span>Loading\u2026<\/span><\/a>            <\/nav>\n                    <\/div>\n    <\/div>\n    <\/div>\n<\/div><\/div><\/div><\/div><\/div><script id=\"script-254207\" data-row=\"script-254207\" type=\"text\/javascript\">if ( typeof UNCODE !== \"undefined\" ) UNCODE.initRow(document.getElementById(\"script-254207\"));<\/script><\/div><\/div><\/div>","protected":false},"excerpt":{"rendered":"Estas son algunas opiniones de espectadores, que dejaron en Atr\u00e1palo, la plataforma de promoci\u00f3n de ofertas de ocio, espect\u00e1culos, restaurantes, [...]","protected":false},"author":1,"featured_media":124262,"parent":0,"menu_order":0,"comment_status":"closed","ping_status":"closed","template":"","meta":{"footnotes":""},"_links":{"self":[{"href":"https:\/\/martinginer.com.ar\/en\/wp-json\/wp\/v2\/pages\/73928"}],"collection":[{"href":"https:\/\/martinginer.com.ar\/en\/wp-json\/wp\/v2\/pages"}],"about":[{"href":"https:\/\/martinginer.com.ar\/en\/wp-json\/wp\/v2\/types\/page"}],"author":[{"embeddable":true,"href":"https:\/\/martinginer.com.ar\/en\/wp-json\/wp\/v2\/users\/1"}],"replies":[{"embeddable":true,"href":"https:\/\/martinginer.com.ar\/en\/wp-json\/wp\/v2\/comments?post=73928"}],"version-history":[{"count":12,"href":"https:\/\/martinginer.com.ar\/en\/wp-json\/wp\/v2\/pages\/73928\/revisions"}],"predecessor-version":[{"id":74360,"href":"https:\/\/martinginer.com.ar\/en\/wp-json\/wp\/v2\/pages\/73928\/revisions\/74360"}],"wp:featuredmedia":[{"embeddable":true,"href":"https:\/\/martinginer.com.ar\/en\/wp-json\/wp\/v2\/media\/124262"}],"wp:attachment":[{"href":"https:\/\/martinginer.com.ar\/en\/wp-json\/wp\/v2\/media?parent=73928"}],"curies":[{"name":"wp","href":"https:\/\/api.w.org\/{rel}","templated":true}]}}