{"id":74502,"date":"2019-07-10T17:21:34","date_gmt":"2019-07-10T20:21:34","guid":{"rendered":"http:\/\/martinginer.com.ar\/wordpress\/?page_id=74502"},"modified":"2019-07-10T17:24:40","modified_gmt":"2019-07-10T20:24:40","slug":"lo-que-dure-este-cafe","status":"publish","type":"page","link":"https:\/\/martinginer.com.ar\/en\/lo-que-dure-este-cafe\/","title":{"rendered":"Lo que dure este caf\u00e9"},"content":{"rendered":"<div data-parent=\"true\" class=\"vc_row row-container\"><div class=\"row limit-width row-parent\"><div class=\"row-inner\"><div class=\"pos-top pos-center align_left column_parent col-lg-12 single-internal-gutter\"><div class=\"uncol style-dark\"  ><div class=\"uncoltable\"><div class=\"uncell no-block-padding\"><div class=\"uncont\"><div id=\"index-183025\" class=\"isotope-system isotope-general-dark\">\n                    <div class=\"isotope-wrapper no-gutter\">\n      <div class=\"isotope-container isotope-layout style-masonry isotope-pagination\" data-type=\"masonry\" data-layout=\"packery\" data-lg=\"1000\" data-md=\"600\" data-sm=\"480\" data-vp-height=\"\">\n        <div class=\"tmb tmb-iso-w4 tmb-iso-h4 tmb-light tmb-overlay-text-anim tmb-overlay-anim tmb-content-left tmb-image-anim tmb-shadowed tmb-media-shadowed-xs tmb-bordered  grid-cat-100 tmb-id-74499 tmb-img-ratio tmb-content-under tmb-media-first\">\n\t\t\t\t\t\t<div class=\"t-inside style-color-xsdn-bg\" ><div class=\"t-entry-visual\"><div class=\"t-entry-visual-tc\"><div class=\"t-entry-visual-cont\"><div class=\"dummy\" style=\"padding-top: 66.7%;\"><\/div><a tabindex=\"-1\" href=\"https:\/\/martinginer.com.ar\/en\/2019\/07\/10\/atresarte-murcia\/\" class=\"pushed\" target=\"_self\" data-lb-index=\"0\"><div class=\"t-entry-visual-overlay\"><div class=\"t-entry-visual-overlay-in style-dark-bg\" style=\"opacity: 0.5;\"><\/div><\/div>\n\t\t\t\t\t\t\t\t\t<div class=\"t-overlay-wrap\">\n\t\t\t\t\t\t\t\t\t\t<div class=\"t-overlay-inner\">\n\t\t\t\t\t\t\t\t\t\t\t<div class=\"t-overlay-content\">\n\t\t\t\t\t\t\t\t\t\t\t\t<div class=\"t-overlay-text single-block-padding\"><div class=\"t-entry t-single-line\"><\/div><\/div><\/div><\/div><\/div><img loading=\"lazy\" decoding=\"async\" src=\"https:\/\/martinginer.com.ar\/wordpress\/wp-content\/uploads\/2018\/11\/lo-que-dure-este-cafe-2018-A-uai-2118x1412.jpg\" width=\"2118\" height=\"1412\" alt=\"\" \/><\/a><\/div>\n\t\t\t\t<\/div>\n\t\t\t<\/div><div class=\"t-entry-text\">\n\t\t\t\t\t\t\t<div class=\"t-entry-text-tc single-block-padding\"><div class=\"t-entry\"><h3 class=\"t-entry-title h4\"><a href=\"https:\/\/martinginer.com.ar\/en\/2019\/07\/10\/atresarte-murcia\/\" target=\"_self\">Atresarte | Murcia<\/a><\/h3><\/div><\/div>\n\t\t\t\t\t<\/div><\/div>\n\t\t\t\t\t<\/div>      <\/div>\n\n    <\/div>\n    <\/div>\n<\/div><\/div><\/div><\/div><\/div><script id=\"script-248701\" data-row=\"script-248701\" type=\"text\/javascript\">if ( typeof UNCODE !== \"undefined\" ) UNCODE.initRow(document.getElementById(\"script-248701\"));<\/script><\/div><\/div><\/div>","protected":false},"excerpt":{"rendered":"Lo que dure este caf\u00e9 A\u00f1o: 2018 Lugar: Cartagena, Murcia, Espa\u00f1a Direcci\u00f3n: Pedro Segura Elenco: Jos\u00e9 Salguero, Manuel Llamas, y [...]","protected":false},"author":1,"featured_media":74504,"parent":0,"menu_order":0,"comment_status":"closed","ping_status":"closed","template":"","meta":{"footnotes":""},"_links":{"self":[{"href":"https:\/\/martinginer.com.ar\/en\/wp-json\/wp\/v2\/pages\/74502"}],"collection":[{"href":"https:\/\/martinginer.com.ar\/en\/wp-json\/wp\/v2\/pages"}],"about":[{"href":"https:\/\/martinginer.com.ar\/en\/wp-json\/wp\/v2\/types\/page"}],"author":[{"embeddable":true,"href":"https:\/\/martinginer.com.ar\/en\/wp-json\/wp\/v2\/users\/1"}],"replies":[{"embeddable":true,"href":"https:\/\/martinginer.com.ar\/en\/wp-json\/wp\/v2\/comments?post=74502"}],"version-history":[{"count":1,"href":"https:\/\/martinginer.com.ar\/en\/wp-json\/wp\/v2\/pages\/74502\/revisions"}],"predecessor-version":[{"id":74503,"href":"https:\/\/martinginer.com.ar\/en\/wp-json\/wp\/v2\/pages\/74502\/revisions\/74503"}],"wp:featuredmedia":[{"embeddable":true,"href":"https:\/\/martinginer.com.ar\/en\/wp-json\/wp\/v2\/media\/74504"}],"wp:attachment":[{"href":"https:\/\/martinginer.com.ar\/en\/wp-json\/wp\/v2\/media?parent=74502"}],"curies":[{"name":"wp","href":"https:\/\/api.w.org\/{rel}","templated":true}]}}