{"id":74647,"date":"2019-10-22T16:16:22","date_gmt":"2019-10-22T19:16:22","guid":{"rendered":"http:\/\/martinginer.com.ar\/wordpress\/?page_id=74647"},"modified":"2023-11-23T20:10:18","modified_gmt":"2023-11-23T23:10:18","slug":"contacto","status":"publish","type":"page","link":"https:\/\/martinginer.com.ar\/en\/contacto\/","title":{"rendered":"Contact"},"content":{"rendered":"<div data-parent=\"true\" class=\"vc_row row-container\"><div class=\"row limit-width row-parent\"><div class=\"row-inner\"><div class=\"pos-top pos-center align_left column_parent col-lg-12 single-internal-gutter\"><div class=\"uncol style-dark\"  ><div class=\"uncoltable\"><div class=\"uncell no-block-padding\"><div class=\"uncont\"><div class=\"uncode_text_column\" ><\/p>\n<h3><span class=\"font-156269\">If you wish to contact the author, complete the following form<\/span><\/h3>\n<p>\n<\/div>\n<div class=\"wpcf7 no-js\" id=\"wpcf7-f74646-o1\" lang=\"es-ES\" dir=\"ltr\">\n<div class=\"screen-reader-response\"><p role=\"status\" aria-live=\"polite\" aria-atomic=\"true\"><\/p> <ul><\/ul><\/div>\n<form action=\"\/en\/wp-json\/wp\/v2\/pages\/74647#wpcf7-f74646-o1\" method=\"post\" class=\"wpcf7-form init\" aria-label=\"Formulario de contacto\" novalidate=\"novalidate\" data-status=\"init\" data-trp-original-action=\"\/en\/wp-json\/wp\/v2\/pages\/74647#wpcf7-f74646-o1\">\n<div style=\"display: none;\">\n<input type=\"hidden\" name=\"_wpcf7\" value=\"74646\" \/>\n<input type=\"hidden\" name=\"_wpcf7_version\" value=\"5.9.3\" \/>\n<input type=\"hidden\" name=\"_wpcf7_locale\" value=\"es_ES\" \/>\n<input type=\"hidden\" name=\"_wpcf7_unit_tag\" value=\"wpcf7-f74646-o1\" \/>\n<input type=\"hidden\" name=\"_wpcf7_container_post\" value=\"0\" \/>\n<input type=\"hidden\" name=\"_wpcf7_posted_data_hash\" value=\"\" \/>\n<input type=\"hidden\" name=\"_wpcf7_recaptcha_response\" value=\"\" \/>\n<\/div>\n<p><label> First and las name (required)<br \/>\n<span class=\"wpcf7-form-control-wrap\" data-name=\"your-name\"><input size=\"40\" class=\"wpcf7-form-control wpcf7-text wpcf7-validates-as-required\" aria-required=\"true\" aria-invalid=\"false\" value=\"\" type=\"text\" name=\"your-name\" \/><\/span> <\/label>\n<\/p>\n<p><label> Email (required)<br \/>\n<span class=\"wpcf7-form-control-wrap\" data-name=\"your-email\"><input size=\"40\" class=\"wpcf7-form-control wpcf7-email wpcf7-validates-as-required wpcf7-text wpcf7-validates-as-email\" aria-required=\"true\" aria-invalid=\"false\" value=\"\" type=\"email\" name=\"your-email\" \/><\/span> <\/label>\n<\/p>\n<p><label> City (required)<br \/>\n<span class=\"wpcf7-form-control-wrap\" data-name=\"Ciudad\"><input size=\"40\" class=\"wpcf7-form-control wpcf7-text wpcf7-validates-as-required\" aria-required=\"true\" aria-invalid=\"false\" value=\"\" type=\"text\" name=\"Ciudad\" \/><\/span><\/label>\n<\/p>\n<p><label> Country (required)<br \/>\n<span class=\"wpcf7-form-control-wrap\" data-name=\"Pais\"><input size=\"40\" class=\"wpcf7-form-control wpcf7-text wpcf7-validates-as-required\" aria-required=\"true\" aria-invalid=\"false\" value=\"\" type=\"text\" name=\"Pais\" \/><\/span><\/label>\n<\/p>\n<p><label> Affair (required)<br \/>\n<span class=\"wpcf7-form-control-wrap\" data-name=\"your-subject\"><input size=\"40\" class=\"wpcf7-form-control wpcf7-text wpcf7-validates-as-required\" aria-required=\"true\" aria-invalid=\"false\" value=\"\" type=\"text\" name=\"your-subject\" \/><\/span><\/label>\n<\/p>\n<p><label> Message, question or suggestion<br \/>\n<span class=\"wpcf7-form-control-wrap\" data-name=\"your-message\"><textarea cols=\"40\" rows=\"10\" class=\"wpcf7-form-control wpcf7-textarea\" aria-invalid=\"false\" name=\"your-message\"><\/textarea><\/span> <\/label><br \/>\n<input class=\"wpcf7-form-control wpcf7-submit has-spinner\" type=\"submit\" value=\"Send\" \/>\n<\/p><div class=\"wpcf7-response-output\" aria-hidden=\"true\"><\/div>\n<input type=\"hidden\" name=\"trp-form-language\" value=\"en\"\/><\/form>\n<\/div>\n<\/div><\/div><\/div><\/div><\/div><script id=\"script-104698\" data-row=\"script-104698\" type=\"text\/javascript\">if ( typeof UNCODE !== \"undefined\" ) UNCODE.initRow(document.getElementById(\"script-104698\"));<\/script><\/div><\/div><\/div>","protected":false},"excerpt":{"rendered":"Si deseas comunicarte con el autor complet\u00e1 el siguiente formulario Nombre y apellido (requerido) Correo electr\u00f3nico (requerido) Ciudad (requerido) Pa\u00eds [...]","protected":false},"author":1,"featured_media":0,"parent":0,"menu_order":0,"comment_status":"closed","ping_status":"closed","template":"","meta":{"footnotes":""},"_links":{"self":[{"href":"https:\/\/martinginer.com.ar\/en\/wp-json\/wp\/v2\/pages\/74647"}],"collection":[{"href":"https:\/\/martinginer.com.ar\/en\/wp-json\/wp\/v2\/pages"}],"about":[{"href":"https:\/\/martinginer.com.ar\/en\/wp-json\/wp\/v2\/types\/page"}],"author":[{"embeddable":true,"href":"https:\/\/martinginer.com.ar\/en\/wp-json\/wp\/v2\/users\/1"}],"replies":[{"embeddable":true,"href":"https:\/\/martinginer.com.ar\/en\/wp-json\/wp\/v2\/comments?post=74647"}],"version-history":[{"count":2,"href":"https:\/\/martinginer.com.ar\/en\/wp-json\/wp\/v2\/pages\/74647\/revisions"}],"predecessor-version":[{"id":74649,"href":"https:\/\/martinginer.com.ar\/en\/wp-json\/wp\/v2\/pages\/74647\/revisions\/74649"}],"wp:attachment":[{"href":"https:\/\/martinginer.com.ar\/en\/wp-json\/wp\/v2\/media?parent=74647"}],"curies":[{"name":"wp","href":"https:\/\/api.w.org\/{rel}","templated":true}]}}